{"id":1992,"date":"2018-06-06T13:58:25","date_gmt":"2018-06-06T11:58:25","guid":{"rendered":"http:\/\/www.atrima.cz\/?page_id=1992"},"modified":"2018-06-07T14:21:55","modified_gmt":"2018-06-07T12:21:55","slug":"references","status":"publish","type":"page","link":"https:\/\/www.atrima.cz\/en\/about-company\/references\/","title":{"rendered":"References"},"content":{"rendered":"<p><strong>Check out our references<\/strong><\/p>\n<div class=\"row contentColumns\">\n<p><div class=\"col-sm-6\"><br \/>\nABB<br \/>\nAgro-la<br \/>\nAlpro<br \/>\nArdagh group<br \/>\nBecherovka<br \/>\nBernard<br \/>\nBohemilk<br \/>\nBudweiser Budvar<br \/>\nCampina<br \/>\nCandy plus<br \/>\nEligo<br \/>\nEureka Solutions<br \/>\nEurofit<br \/>\nFastems<br \/>\nFestite<br \/>\nFrauenthal Automotive<br \/>\nFresenius<br \/>\nGalatek<br \/>\nHeineken<br \/>\nHills<br \/>\nImpress<br \/>\nIndex 6<br \/>\nKHS<br \/>\nKr\u00e1lovsk\u00fd pivovar Kru\u0161ovice<br \/>\nKun\u00edn<br \/>\nLaiterie Gerentes<br \/>\nLobkowicz<br \/>\nLomax<br \/>\n<\/div><\/p>\n<p><div class=\"col-sm-6\"><br \/>\nLucka<br \/>\nLu-mi<br \/>\nM\u011b\u0161\u0165ansk\u00fd<br \/>\nM\u011b\u0161\u0165ansk\u00fd pivovar Havl\u00ed\u010dk\u016fv Brod<br \/>\nMND<br \/>\nMoravia Lacto<br \/>\nM\u00fcllermilch<br \/>\nNoliko<br \/>\nObiln\u00ed technika<br \/>\nOlma<br \/>\nOstravar<br \/>\nPenam<br \/>\nPetainer<br \/>\nPivovar Hols Vratislavice<br \/>\nPivovar Kl\u00e1\u0161ter<br \/>\nPivovar v\u00a0Poli\u010dce<br \/>\nPivovar Velk\u00e9 Popovice<br \/>\nPlze\u0148sk\u00fd Prazdroj<br \/>\nSachsen Milch<br \/>\nSch\u00e4fer &amp; Flottmann<br \/>\nStarobrno<br \/>\nStock<br \/>\n\u0160koda auto<br \/>\nThimm<br \/>\nTradi\u010dn\u00ed pivovar v\u00a0Rakovn\u00edku<br \/>\nWell pack<br \/>\nWellTest<br \/>\nZubr<br \/>\n<\/div><\/p>\n<\/div>\n","protected":false},"excerpt":{"rendered":"<p>Check out our references ABB Agro-la Alpro Ardagh group Becherovka Bernard Bohemilk Budweiser Budvar Campina Candy plus Eligo Eureka Solutions Eurofit Fastems Festite Frauenthal Automotive Fresenius Galatek Heineken Hills Impress Index 6 KHS Kr\u00e1lovsk\u00fd pivovar Kru\u0161ovice Kun\u00edn Laiterie Gerentes Lobkowicz Lomax Lucka Lu-mi M\u011b\u0161\u0165ansk\u00fd M\u011b\u0161\u0165ansk\u00fd pivovar Havl\u00ed\u010dk\u016fv Brod MND Moravia Lacto M\u00fcllermilch Noliko Obiln\u00ed technika&#8230;<\/p>\n","protected":false},"author":2,"featured_media":0,"parent":111,"menu_order":0,"comment_status":"closed","ping_status":"closed","template":"","meta":{"_monsterinsights_skip_tracking":false,"_monsterinsights_sitenote_active":false,"_monsterinsights_sitenote_note":"","_monsterinsights_sitenote_category":0,"footnotes":""},"class_list":["post-1992","page","type-page","status-publish","hentry"],"yoast_head":"<!-- This site is optimized with the Yoast SEO plugin v27.5 - https:\/\/yoast.com\/product\/yoast-seo-wordpress\/ -->\n<title>References - Atrima spol. s r.o.<\/title>\n<meta name=\"robots\" content=\"index, follow, max-snippet:-1, max-image-preview:large, max-video-preview:-1\" \/>\n<link rel=\"canonical\" href=\"https:\/\/www.atrima.cz\/en\/about-company\/references\/\" \/>\n<meta property=\"og:locale\" content=\"en_GB\" \/>\n<meta property=\"og:type\" content=\"article\" \/>\n<meta property=\"og:title\" content=\"References - Atrima spol. s r.o.\" \/>\n<meta property=\"og:description\" content=\"Check out our references ABB Agro-la Alpro Ardagh group Becherovka Bernard Bohemilk Budweiser Budvar Campina Candy plus Eligo Eureka Solutions Eurofit Fastems Festite Frauenthal Automotive Fresenius Galatek Heineken Hills Impress Index 6 KHS Kr\u00e1lovsk\u00fd pivovar Kru\u0161ovice Kun\u00edn Laiterie Gerentes Lobkowicz Lomax Lucka Lu-mi M\u011b\u0161\u0165ansk\u00fd M\u011b\u0161\u0165ansk\u00fd pivovar Havl\u00ed\u010dk\u016fv Brod MND Moravia Lacto M\u00fcllermilch Noliko Obiln\u00ed technika...\" \/>\n<meta property=\"og:url\" content=\"https:\/\/www.atrima.cz\/en\/about-company\/references\/\" \/>\n<meta property=\"og:site_name\" content=\"Atrima spol. s r.o.\" \/>\n<meta property=\"article:publisher\" content=\"https:\/\/www.facebook.com\/Atrima2022\/\" \/>\n<meta property=\"article:modified_time\" content=\"2018-06-07T12:21:55+00:00\" \/>\n<meta name=\"twitter:card\" content=\"summary_large_image\" \/>\n<meta name=\"twitter:label1\" content=\"Estimated reading time\" \/>\n\t<meta name=\"twitter:data1\" content=\"1 minute\" \/>\n<script type=\"application\/ld+json\" class=\"yoast-schema-graph\">{\"@context\":\"https:\\\/\\\/schema.org\",\"@graph\":[{\"@type\":\"WebPage\",\"@id\":\"https:\\\/\\\/www.atrima.cz\\\/en\\\/about-company\\\/references\\\/\",\"url\":\"https:\\\/\\\/www.atrima.cz\\\/en\\\/about-company\\\/references\\\/\",\"name\":\"References - Atrima spol. s r.o.\",\"isPartOf\":{\"@id\":\"https:\\\/\\\/www.atrima.cz\\\/#website\"},\"datePublished\":\"2018-06-06T11:58:25+00:00\",\"dateModified\":\"2018-06-07T12:21:55+00:00\",\"breadcrumb\":{\"@id\":\"https:\\\/\\\/www.atrima.cz\\\/en\\\/about-company\\\/references\\\/#breadcrumb\"},\"inLanguage\":\"en-GB\",\"potentialAction\":[{\"@type\":\"ReadAction\",\"target\":[\"https:\\\/\\\/www.atrima.cz\\\/en\\\/about-company\\\/references\\\/\"]}]},{\"@type\":\"BreadcrumbList\",\"@id\":\"https:\\\/\\\/www.atrima.cz\\\/en\\\/about-company\\\/references\\\/#breadcrumb\",\"itemListElement\":[{\"@type\":\"ListItem\",\"position\":1,\"name\":\"Dom\u016f\",\"item\":\"https:\\\/\\\/www.atrima.cz\\\/en\\\/\"},{\"@type\":\"ListItem\",\"position\":2,\"name\":\"About us\",\"item\":\"https:\\\/\\\/www.atrima.cz\\\/en\\\/about-company\\\/\"},{\"@type\":\"ListItem\",\"position\":3,\"name\":\"References\"}]},{\"@type\":\"WebSite\",\"@id\":\"https:\\\/\\\/www.atrima.cz\\\/#website\",\"url\":\"https:\\\/\\\/www.atrima.cz\\\/\",\"name\":\"Atrima spol. s r.o.\",\"description\":\"Spole\u010dnost Atrima se \u00fasp\u011b\u0161n\u011b zam\u011b\u0159uje na v\u00fdvoj, v\u00fdrobu a  realizaci individu\u00e1ln\u00edch manipula\u010dn\u00edch a  dopravn\u00edch za\u0159\u00edzen\u00ed, kter\u00e1 zefektivn\u00ed v\u00fdrobu. Ned\u00edlnou sou\u010d\u00e1st\u00ed dodan\u00e9ho za\u0159\u00edzen\u00ed je i  servis.\",\"potentialAction\":[{\"@type\":\"SearchAction\",\"target\":{\"@type\":\"EntryPoint\",\"urlTemplate\":\"https:\\\/\\\/www.atrima.cz\\\/?s={search_term_string}\"},\"query-input\":{\"@type\":\"PropertyValueSpecification\",\"valueRequired\":true,\"valueName\":\"search_term_string\"}}],\"inLanguage\":\"en-GB\"}]}<\/script>\n<!-- \/ Yoast SEO plugin. -->","yoast_head_json":{"title":"References - Atrima spol. s r.o.","robots":{"index":"index","follow":"follow","max-snippet":"max-snippet:-1","max-image-preview":"max-image-preview:large","max-video-preview":"max-video-preview:-1"},"canonical":"https:\/\/www.atrima.cz\/en\/about-company\/references\/","og_locale":"en_GB","og_type":"article","og_title":"References - Atrima spol. s r.o.","og_description":"Check out our references ABB Agro-la Alpro Ardagh group Becherovka Bernard Bohemilk Budweiser Budvar Campina Candy plus Eligo Eureka Solutions Eurofit Fastems Festite Frauenthal Automotive Fresenius Galatek Heineken Hills Impress Index 6 KHS Kr\u00e1lovsk\u00fd pivovar Kru\u0161ovice Kun\u00edn Laiterie Gerentes Lobkowicz Lomax Lucka Lu-mi M\u011b\u0161\u0165ansk\u00fd M\u011b\u0161\u0165ansk\u00fd pivovar Havl\u00ed\u010dk\u016fv Brod MND Moravia Lacto M\u00fcllermilch Noliko Obiln\u00ed technika...","og_url":"https:\/\/www.atrima.cz\/en\/about-company\/references\/","og_site_name":"Atrima spol. s r.o.","article_publisher":"https:\/\/www.facebook.com\/Atrima2022\/","article_modified_time":"2018-06-07T12:21:55+00:00","twitter_card":"summary_large_image","twitter_misc":{"Estimated reading time":"1 minute"},"schema":{"@context":"https:\/\/schema.org","@graph":[{"@type":"WebPage","@id":"https:\/\/www.atrima.cz\/en\/about-company\/references\/","url":"https:\/\/www.atrima.cz\/en\/about-company\/references\/","name":"References - Atrima spol. s r.o.","isPartOf":{"@id":"https:\/\/www.atrima.cz\/#website"},"datePublished":"2018-06-06T11:58:25+00:00","dateModified":"2018-06-07T12:21:55+00:00","breadcrumb":{"@id":"https:\/\/www.atrima.cz\/en\/about-company\/references\/#breadcrumb"},"inLanguage":"en-GB","potentialAction":[{"@type":"ReadAction","target":["https:\/\/www.atrima.cz\/en\/about-company\/references\/"]}]},{"@type":"BreadcrumbList","@id":"https:\/\/www.atrima.cz\/en\/about-company\/references\/#breadcrumb","itemListElement":[{"@type":"ListItem","position":1,"name":"Dom\u016f","item":"https:\/\/www.atrima.cz\/en\/"},{"@type":"ListItem","position":2,"name":"About us","item":"https:\/\/www.atrima.cz\/en\/about-company\/"},{"@type":"ListItem","position":3,"name":"References"}]},{"@type":"WebSite","@id":"https:\/\/www.atrima.cz\/#website","url":"https:\/\/www.atrima.cz\/","name":"Atrima spol. s r.o.","description":"Spole\u010dnost Atrima se \u00fasp\u011b\u0161n\u011b zam\u011b\u0159uje na v\u00fdvoj, v\u00fdrobu a  realizaci individu\u00e1ln\u00edch manipula\u010dn\u00edch a  dopravn\u00edch za\u0159\u00edzen\u00ed, kter\u00e1 zefektivn\u00ed v\u00fdrobu. Ned\u00edlnou sou\u010d\u00e1st\u00ed dodan\u00e9ho za\u0159\u00edzen\u00ed je i  servis.","potentialAction":[{"@type":"SearchAction","target":{"@type":"EntryPoint","urlTemplate":"https:\/\/www.atrima.cz\/?s={search_term_string}"},"query-input":{"@type":"PropertyValueSpecification","valueRequired":true,"valueName":"search_term_string"}}],"inLanguage":"en-GB"}]}},"_links":{"self":[{"href":"https:\/\/www.atrima.cz\/en\/wp-json\/wp\/v2\/pages\/1992","targetHints":{"allow":["GET"]}}],"collection":[{"href":"https:\/\/www.atrima.cz\/en\/wp-json\/wp\/v2\/pages"}],"about":[{"href":"https:\/\/www.atrima.cz\/en\/wp-json\/wp\/v2\/types\/page"}],"author":[{"embeddable":true,"href":"https:\/\/www.atrima.cz\/en\/wp-json\/wp\/v2\/users\/2"}],"replies":[{"embeddable":true,"href":"https:\/\/www.atrima.cz\/en\/wp-json\/wp\/v2\/comments?post=1992"}],"version-history":[{"count":0,"href":"https:\/\/www.atrima.cz\/en\/wp-json\/wp\/v2\/pages\/1992\/revisions"}],"up":[{"embeddable":true,"href":"https:\/\/www.atrima.cz\/en\/wp-json\/wp\/v2\/pages\/111"}],"wp:attachment":[{"href":"https:\/\/www.atrima.cz\/en\/wp-json\/wp\/v2\/media?parent=1992"}],"curies":[{"name":"wp","href":"https:\/\/api.w.org\/{rel}","templated":true}]}}