{"id":1280,"date":"2017-11-20T12:56:56","date_gmt":"2017-11-20T11:56:56","guid":{"rendered":"http:\/\/atrima.cz.uvirt64.active24.cz\/?page_id=1280"},"modified":"2021-05-10T14:05:14","modified_gmt":"2021-05-10T12:05:14","slug":"grant-programs","status":"publish","type":"page","link":"https:\/\/www.atrima.cz\/en\/about-company\/grant-programs\/","title":{"rendered":"Grant programs"},"content":{"rendered":"<p><b><div class=\"col-sm-6\"><\/b><\/p>\n<p>&nbsp;<\/p>\n<p><img loading=\"lazy\" decoding=\"async\" class=\"alignnone size-medium wp-image-3957\" src=\"https:\/\/www.atrima.cz\/wp-content\/themes\/atrima\/kt\/core\/images\/transparent.png\" data-src=\"https:\/\/www.atrima.cz\/wp-content\/uploads\/2021\/03\/logotyp_tagline_SB_RGB_PNG_01_primary-300x150.png\" alt=\"\" width=\"300\" height=\"150\" srcset=\"https:\/\/www.atrima.cz\/wp-content\/uploads\/2021\/03\/logotyp_tagline_SB_RGB_PNG_01_primary-300x150.png 300w, https:\/\/www.atrima.cz\/wp-content\/uploads\/2021\/03\/logotyp_tagline_SB_RGB_PNG_01_primary-1024x512.png 1024w, https:\/\/www.atrima.cz\/wp-content\/uploads\/2021\/03\/logotyp_tagline_SB_RGB_PNG_01_primary-768x384.png 768w, https:\/\/www.atrima.cz\/wp-content\/uploads\/2021\/03\/logotyp_tagline_SB_RGB_PNG_01_primary.png 1417w\" sizes=\"auto, (max-width: 300px) 100vw, 300px\" \/><\/p>\n<p>Atrima is aware of the importance of the environment, which is why it participated in the <strong>call of the Ministry of the Environment 9\/2019: \u201cWe plant the future\u201d<\/strong> to support greenery in cities and municipalities. As part of this call, the Atrima company planted 8 already mature deciduous trees on Podhr\u00e1z\u00ed Street in front of its premises. The project was implemented with the participation of the State Environmental Fund of the Czech Republic.<\/p>\n<p><img loading=\"lazy\" decoding=\"async\" class=\"alignnone size-medium wp-image-3972\" src=\"https:\/\/www.atrima.cz\/wp-content\/themes\/atrima\/kt\/core\/images\/transparent.png\" data-src=\"https:\/\/www.atrima.cz\/wp-content\/uploads\/2021\/03\/Tabulka-podpora-Statniho-fondu-300x144.jpg\" alt=\"\" width=\"300\" height=\"144\" srcset=\"https:\/\/www.atrima.cz\/wp-content\/uploads\/2021\/03\/Tabulka-podpora-Statniho-fondu-300x144.jpg 300w, https:\/\/www.atrima.cz\/wp-content\/uploads\/2021\/03\/Tabulka-podpora-Statniho-fondu-768x369.jpg 768w, https:\/\/www.atrima.cz\/wp-content\/uploads\/2021\/03\/Tabulka-podpora-Statniho-fondu.jpg 919w\" sizes=\"auto, (max-width: 300px) 100vw, 300px\" \/><\/p>\n<p><strong>Trees are an effective tool for mitigating the effects of climate change.<\/strong><\/p>\n<p>It will create a home and shelter for many animals, bring shade, retain water, humidify the air, reduce dust, noise and temperature in its surroundings, improve soil quality. Trees also have a positive impact on humans. The sight of them calms them down. They have their aesthetic function.<\/p>\n<p>We planted ornamental sakura cheerfully blooming in spring, green maples, spherical catalpha and colored maple. We are looking forward to the first spring leaves.<\/p>\n<p><img loading=\"lazy\" decoding=\"async\" class=\"alignnone size-medium wp-image-3945\" src=\"https:\/\/www.atrima.cz\/wp-content\/themes\/atrima\/kt\/core\/images\/transparent.png\" data-src=\"https:\/\/www.atrima.cz\/wp-content\/uploads\/2021\/03\/DSCN8304-300x225.jpg\" alt=\"\" width=\"300\" height=\"225\" srcset=\"https:\/\/www.atrima.cz\/wp-content\/uploads\/2021\/03\/DSCN8304-300x225.jpg 300w, https:\/\/www.atrima.cz\/wp-content\/uploads\/2021\/03\/DSCN8304-768x575.jpg 768w, https:\/\/www.atrima.cz\/wp-content\/uploads\/2021\/03\/DSCN8304.jpg 989w\" sizes=\"auto, (max-width: 300px) 100vw, 300px\" \/> \u00a0 <img loading=\"lazy\" decoding=\"async\" class=\"alignnone size-medium wp-image-3951\" src=\"https:\/\/www.atrima.cz\/wp-content\/themes\/atrima\/kt\/core\/images\/transparent.png\" data-src=\"https:\/\/www.atrima.cz\/wp-content\/uploads\/2021\/03\/DSCN8311-225x300.jpg\" alt=\"\" width=\"225\" height=\"300\" srcset=\"https:\/\/www.atrima.cz\/wp-content\/uploads\/2021\/03\/DSCN8311-225x300.jpg 225w, https:\/\/www.atrima.cz\/wp-content\/uploads\/2021\/03\/DSCN8311.jpg 768w\" sizes=\"auto, (max-width: 225px) 100vw, 225px\" \/> <img loading=\"lazy\" decoding=\"async\" class=\"alignnone size-medium wp-image-3948\" src=\"https:\/\/www.atrima.cz\/wp-content\/themes\/atrima\/kt\/core\/images\/transparent.png\" data-src=\"https:\/\/www.atrima.cz\/wp-content\/uploads\/2021\/03\/DSCN8306-300x223.jpg\" alt=\"\" width=\"300\" height=\"223\" srcset=\"https:\/\/www.atrima.cz\/wp-content\/uploads\/2021\/03\/DSCN8306-300x223.jpg 300w, https:\/\/www.atrima.cz\/wp-content\/uploads\/2021\/03\/DSCN8306-768x572.jpg 768w, https:\/\/www.atrima.cz\/wp-content\/uploads\/2021\/03\/DSCN8306.jpg 994w\" sizes=\"auto, (max-width: 300px) 100vw, 300px\" \/>\u00a0 \u00a0Pictures from planting\/ spring 2021<\/p>\n<p><img loading=\"lazy\" decoding=\"async\" class=\"alignnone size-medium wp-image-4066\" src=\"https:\/\/www.atrima.cz\/wp-content\/themes\/atrima\/kt\/core\/images\/transparent.png\" data-src=\"https:\/\/www.atrima.cz\/wp-content\/uploads\/2021\/04\/DSCN8476-300x225.jpg\" alt=\"\" width=\"300\" height=\"225\" srcset=\"https:\/\/www.atrima.cz\/wp-content\/uploads\/2021\/04\/DSCN8476-300x225.jpg 300w, https:\/\/www.atrima.cz\/wp-content\/uploads\/2021\/04\/DSCN8476-768x576.jpg 768w, https:\/\/www.atrima.cz\/wp-content\/uploads\/2021\/04\/DSCN8476.jpg 1024w\" sizes=\"auto, (max-width: 300px) 100vw, 300px\" \/> \u00a0<img loading=\"lazy\" decoding=\"async\" class=\"alignnone size-medium wp-image-4063\" src=\"https:\/\/www.atrima.cz\/wp-content\/themes\/atrima\/kt\/core\/images\/transparent.png\" data-src=\"https:\/\/www.atrima.cz\/wp-content\/uploads\/2021\/04\/DSCN8480-225x300.jpg\" alt=\"\" width=\"225\" height=\"300\" srcset=\"https:\/\/www.atrima.cz\/wp-content\/uploads\/2021\/04\/DSCN8480-225x300.jpg 225w, https:\/\/www.atrima.cz\/wp-content\/uploads\/2021\/04\/DSCN8480.jpg 768w\" sizes=\"auto, (max-width: 225px) 100vw, 225px\" \/><\/p>\n<p>&nbsp;<\/p>\n<p>&nbsp;<\/p>\n<p><strong>\u00a0 \u00a0 \u00a0ATRIMA continually develops, expands and continually innovates its products. To this end, it draws on contributions from the Structural Funds of the European Union.<\/strong><\/p>\n<p>On 28 February <strong>2018<\/strong>, we finished the project titled &#8220;<strong>Modernizing the Capacity of the Development Center of ATRIMA spol. s\u00a0 r. o. &#8221;\u00a0<\/strong>with the registration number CZ.01.1.02 \/ 0.0 \/ 0.0 \/ 16_092 \/ 0008897. As a part of the project, a modern center focused on the research and development of new ranges of palletizers and compost applicators has been developed in our company located in Hustope\u010de, N\u00e1dra\u017en\u00ed 41.<\/p>\n<p>&nbsp;<\/p>\n<p>In <strong>2017<\/strong>, the company implemented the following projects, co-financed by the European Union:<\/p>\n<p><img loading=\"lazy\" decoding=\"async\" class=\"alignnone wp-image-1244 size-full\" src=\"https:\/\/www.atrima.cz\/wp-content\/themes\/atrima\/kt\/core\/images\/transparent.png\" data-src=\"https:\/\/www.atrima.cz\/wp-content\/uploads\/2017\/11\/RTEmagicC_Vyvoj_zarizeni.jpg.jpg\" alt=\"\" width=\"300\" height=\"424\" srcset=\"https:\/\/www.atrima.cz\/wp-content\/uploads\/2017\/11\/RTEmagicC_Vyvoj_zarizeni.jpg.jpg 300w, https:\/\/www.atrima.cz\/wp-content\/uploads\/2017\/11\/RTEmagicC_Vyvoj_zarizeni.jpg-212x300.jpg 212w\" sizes=\"auto, (max-width: 300px) 100vw, 300px\" \/><\/p>\n<p><img loading=\"lazy\" decoding=\"async\" class=\"alignnone wp-image-1247 size-full\" src=\"https:\/\/www.atrima.cz\/wp-content\/themes\/atrima\/kt\/core\/images\/transparent.png\" data-src=\"https:\/\/www.atrima.cz\/wp-content\/uploads\/2017\/11\/RTEmagicC_0443_001.jpg.jpg\" alt=\"\" width=\"300\" height=\"424\" srcset=\"https:\/\/www.atrima.cz\/wp-content\/uploads\/2017\/11\/RTEmagicC_0443_001.jpg.jpg 300w, https:\/\/www.atrima.cz\/wp-content\/uploads\/2017\/11\/RTEmagicC_0443_001.jpg-212x300.jpg 212w\" sizes=\"auto, (max-width: 300px) 100vw, 300px\" \/><\/p>\n<p><img loading=\"lazy\" decoding=\"async\" class=\"alignnone wp-image-1250 size-full\" src=\"https:\/\/www.atrima.cz\/wp-content\/themes\/atrima\/kt\/core\/images\/transparent.png\" data-src=\"https:\/\/www.atrima.cz\/wp-content\/uploads\/2017\/11\/topczechquality.jpg\" alt=\"\" width=\"300\" height=\"497\" srcset=\"https:\/\/www.atrima.cz\/wp-content\/uploads\/2017\/11\/topczechquality.jpg 300w, https:\/\/www.atrima.cz\/wp-content\/uploads\/2017\/11\/topczechquality-181x300.jpg 181w\" sizes=\"auto, (max-width: 300px) 100vw, 300px\" \/><\/p>\n<p><b><\/div><\/b><\/p>\n","protected":false},"excerpt":{"rendered":"<p>&nbsp; Atrima is aware of the importance of the environment, which is why it participated in the call of the Ministry of the Environment 9\/2019: \u201cWe plant the future\u201d to support greenery in cities and municipalities. As part of this call, the Atrima company planted 8 already mature deciduous trees on Podhr\u00e1z\u00ed Street in front&#8230;<\/p>\n","protected":false},"author":2,"featured_media":4310,"parent":111,"menu_order":0,"comment_status":"closed","ping_status":"closed","template":"","meta":{"_monsterinsights_skip_tracking":false,"_monsterinsights_sitenote_active":false,"_monsterinsights_sitenote_note":"","_monsterinsights_sitenote_category":0,"footnotes":""},"class_list":["post-1280","page","type-page","status-publish","has-post-thumbnail","hentry"],"yoast_head":"<!-- This site is optimized with the Yoast SEO plugin v27.5 - https:\/\/yoast.com\/product\/yoast-seo-wordpress\/ -->\n<title>Grant programs - Atrima spol. s r.o.<\/title>\n<meta name=\"robots\" content=\"index, follow, max-snippet:-1, max-image-preview:large, max-video-preview:-1\" \/>\n<link rel=\"canonical\" href=\"https:\/\/www.atrima.cz\/en\/about-company\/grant-programs\/\" \/>\n<meta property=\"og:locale\" content=\"en_GB\" \/>\n<meta property=\"og:type\" content=\"article\" \/>\n<meta property=\"og:title\" content=\"Grant programs - Atrima spol. s r.o.\" \/>\n<meta property=\"og:description\" content=\"&nbsp; Atrima is aware of the importance of the environment, which is why it participated in the call of the Ministry of the Environment 9\/2019: \u201cWe plant the future\u201d to support greenery in cities and municipalities. As part of this call, the Atrima company planted 8 already mature deciduous trees on Podhr\u00e1z\u00ed Street in front...\" \/>\n<meta property=\"og:url\" content=\"https:\/\/www.atrima.cz\/en\/about-company\/grant-programs\/\" \/>\n<meta property=\"og:site_name\" content=\"Atrima spol. s r.o.\" \/>\n<meta property=\"article:publisher\" content=\"https:\/\/www.facebook.com\/Atrima2022\/\" \/>\n<meta property=\"article:modified_time\" content=\"2021-05-10T12:05:14+00:00\" \/>\n<meta property=\"og:image\" content=\"https:\/\/www.atrima.cz\/wp-content\/uploads\/2017\/10\/engineering.jpg\" \/>\n\t<meta property=\"og:image:width\" content=\"436\" \/>\n\t<meta property=\"og:image:height\" content=\"246\" \/>\n\t<meta property=\"og:image:type\" content=\"image\/jpeg\" \/>\n<meta name=\"twitter:card\" content=\"summary_large_image\" \/>\n<meta name=\"twitter:label1\" content=\"Estimated reading time\" \/>\n\t<meta name=\"twitter:data1\" content=\"4 minutes\" \/>\n<script type=\"application\/ld+json\" class=\"yoast-schema-graph\">{\"@context\":\"https:\\\/\\\/schema.org\",\"@graph\":[{\"@type\":\"WebPage\",\"@id\":\"https:\\\/\\\/www.atrima.cz\\\/en\\\/about-company\\\/grant-programs\\\/\",\"url\":\"https:\\\/\\\/www.atrima.cz\\\/en\\\/about-company\\\/grant-programs\\\/\",\"name\":\"Grant programs - Atrima spol. s r.o.\",\"isPartOf\":{\"@id\":\"https:\\\/\\\/www.atrima.cz\\\/#website\"},\"primaryImageOfPage\":{\"@id\":\"https:\\\/\\\/www.atrima.cz\\\/en\\\/about-company\\\/grant-programs\\\/#primaryimage\"},\"image\":{\"@id\":\"https:\\\/\\\/www.atrima.cz\\\/en\\\/about-company\\\/grant-programs\\\/#primaryimage\"},\"thumbnailUrl\":\"https:\\\/\\\/www.atrima.cz\\\/wp-content\\\/uploads\\\/2021\\\/10\\\/IMG_20210630_120426-2-1-scaled.jpg\",\"datePublished\":\"2017-11-20T11:56:56+00:00\",\"dateModified\":\"2021-05-10T12:05:14+00:00\",\"breadcrumb\":{\"@id\":\"https:\\\/\\\/www.atrima.cz\\\/en\\\/about-company\\\/grant-programs\\\/#breadcrumb\"},\"inLanguage\":\"en-GB\",\"potentialAction\":[{\"@type\":\"ReadAction\",\"target\":[\"https:\\\/\\\/www.atrima.cz\\\/en\\\/about-company\\\/grant-programs\\\/\"]}]},{\"@type\":\"ImageObject\",\"inLanguage\":\"en-GB\",\"@id\":\"https:\\\/\\\/www.atrima.cz\\\/en\\\/about-company\\\/grant-programs\\\/#primaryimage\",\"url\":\"https:\\\/\\\/www.atrima.cz\\\/wp-content\\\/uploads\\\/2021\\\/10\\\/IMG_20210630_120426-2-1-scaled.jpg\",\"contentUrl\":\"https:\\\/\\\/www.atrima.cz\\\/wp-content\\\/uploads\\\/2021\\\/10\\\/IMG_20210630_120426-2-1-scaled.jpg\",\"width\":1920,\"height\":1191,\"caption\":\"Hob\u017ea komprese\"},{\"@type\":\"BreadcrumbList\",\"@id\":\"https:\\\/\\\/www.atrima.cz\\\/en\\\/about-company\\\/grant-programs\\\/#breadcrumb\",\"itemListElement\":[{\"@type\":\"ListItem\",\"position\":1,\"name\":\"Dom\u016f\",\"item\":\"https:\\\/\\\/www.atrima.cz\\\/en\\\/\"},{\"@type\":\"ListItem\",\"position\":2,\"name\":\"About us\",\"item\":\"https:\\\/\\\/www.atrima.cz\\\/en\\\/about-company\\\/\"},{\"@type\":\"ListItem\",\"position\":3,\"name\":\"Grant programs\"}]},{\"@type\":\"WebSite\",\"@id\":\"https:\\\/\\\/www.atrima.cz\\\/#website\",\"url\":\"https:\\\/\\\/www.atrima.cz\\\/\",\"name\":\"Atrima spol. s r.o.\",\"description\":\"Spole\u010dnost Atrima se \u00fasp\u011b\u0161n\u011b zam\u011b\u0159uje na v\u00fdvoj, v\u00fdrobu a  realizaci individu\u00e1ln\u00edch manipula\u010dn\u00edch a  dopravn\u00edch za\u0159\u00edzen\u00ed, kter\u00e1 zefektivn\u00ed v\u00fdrobu. Ned\u00edlnou sou\u010d\u00e1st\u00ed dodan\u00e9ho za\u0159\u00edzen\u00ed je i  servis.\",\"potentialAction\":[{\"@type\":\"SearchAction\",\"target\":{\"@type\":\"EntryPoint\",\"urlTemplate\":\"https:\\\/\\\/www.atrima.cz\\\/?s={search_term_string}\"},\"query-input\":{\"@type\":\"PropertyValueSpecification\",\"valueRequired\":true,\"valueName\":\"search_term_string\"}}],\"inLanguage\":\"en-GB\"}]}<\/script>\n<!-- \/ Yoast SEO plugin. -->","yoast_head_json":{"title":"Grant programs - Atrima spol. s r.o.","robots":{"index":"index","follow":"follow","max-snippet":"max-snippet:-1","max-image-preview":"max-image-preview:large","max-video-preview":"max-video-preview:-1"},"canonical":"https:\/\/www.atrima.cz\/en\/about-company\/grant-programs\/","og_locale":"en_GB","og_type":"article","og_title":"Grant programs - Atrima spol. s r.o.","og_description":"&nbsp; Atrima is aware of the importance of the environment, which is why it participated in the call of the Ministry of the Environment 9\/2019: \u201cWe plant the future\u201d to support greenery in cities and municipalities. As part of this call, the Atrima company planted 8 already mature deciduous trees on Podhr\u00e1z\u00ed Street in front...","og_url":"https:\/\/www.atrima.cz\/en\/about-company\/grant-programs\/","og_site_name":"Atrima spol. s r.o.","article_publisher":"https:\/\/www.facebook.com\/Atrima2022\/","article_modified_time":"2021-05-10T12:05:14+00:00","og_image":[{"width":436,"height":246,"url":"https:\/\/www.atrima.cz\/wp-content\/uploads\/2017\/10\/engineering.jpg","type":"image\/jpeg"}],"twitter_card":"summary_large_image","twitter_misc":{"Estimated reading time":"4 minutes"},"schema":{"@context":"https:\/\/schema.org","@graph":[{"@type":"WebPage","@id":"https:\/\/www.atrima.cz\/en\/about-company\/grant-programs\/","url":"https:\/\/www.atrima.cz\/en\/about-company\/grant-programs\/","name":"Grant programs - Atrima spol. s r.o.","isPartOf":{"@id":"https:\/\/www.atrima.cz\/#website"},"primaryImageOfPage":{"@id":"https:\/\/www.atrima.cz\/en\/about-company\/grant-programs\/#primaryimage"},"image":{"@id":"https:\/\/www.atrima.cz\/en\/about-company\/grant-programs\/#primaryimage"},"thumbnailUrl":"https:\/\/www.atrima.cz\/wp-content\/uploads\/2021\/10\/IMG_20210630_120426-2-1-scaled.jpg","datePublished":"2017-11-20T11:56:56+00:00","dateModified":"2021-05-10T12:05:14+00:00","breadcrumb":{"@id":"https:\/\/www.atrima.cz\/en\/about-company\/grant-programs\/#breadcrumb"},"inLanguage":"en-GB","potentialAction":[{"@type":"ReadAction","target":["https:\/\/www.atrima.cz\/en\/about-company\/grant-programs\/"]}]},{"@type":"ImageObject","inLanguage":"en-GB","@id":"https:\/\/www.atrima.cz\/en\/about-company\/grant-programs\/#primaryimage","url":"https:\/\/www.atrima.cz\/wp-content\/uploads\/2021\/10\/IMG_20210630_120426-2-1-scaled.jpg","contentUrl":"https:\/\/www.atrima.cz\/wp-content\/uploads\/2021\/10\/IMG_20210630_120426-2-1-scaled.jpg","width":1920,"height":1191,"caption":"Hob\u017ea komprese"},{"@type":"BreadcrumbList","@id":"https:\/\/www.atrima.cz\/en\/about-company\/grant-programs\/#breadcrumb","itemListElement":[{"@type":"ListItem","position":1,"name":"Dom\u016f","item":"https:\/\/www.atrima.cz\/en\/"},{"@type":"ListItem","position":2,"name":"About us","item":"https:\/\/www.atrima.cz\/en\/about-company\/"},{"@type":"ListItem","position":3,"name":"Grant programs"}]},{"@type":"WebSite","@id":"https:\/\/www.atrima.cz\/#website","url":"https:\/\/www.atrima.cz\/","name":"Atrima spol. s r.o.","description":"Spole\u010dnost Atrima se \u00fasp\u011b\u0161n\u011b zam\u011b\u0159uje na v\u00fdvoj, v\u00fdrobu a  realizaci individu\u00e1ln\u00edch manipula\u010dn\u00edch a  dopravn\u00edch za\u0159\u00edzen\u00ed, kter\u00e1 zefektivn\u00ed v\u00fdrobu. Ned\u00edlnou sou\u010d\u00e1st\u00ed dodan\u00e9ho za\u0159\u00edzen\u00ed je i  servis.","potentialAction":[{"@type":"SearchAction","target":{"@type":"EntryPoint","urlTemplate":"https:\/\/www.atrima.cz\/?s={search_term_string}"},"query-input":{"@type":"PropertyValueSpecification","valueRequired":true,"valueName":"search_term_string"}}],"inLanguage":"en-GB"}]}},"_links":{"self":[{"href":"https:\/\/www.atrima.cz\/en\/wp-json\/wp\/v2\/pages\/1280","targetHints":{"allow":["GET"]}}],"collection":[{"href":"https:\/\/www.atrima.cz\/en\/wp-json\/wp\/v2\/pages"}],"about":[{"href":"https:\/\/www.atrima.cz\/en\/wp-json\/wp\/v2\/types\/page"}],"author":[{"embeddable":true,"href":"https:\/\/www.atrima.cz\/en\/wp-json\/wp\/v2\/users\/2"}],"replies":[{"embeddable":true,"href":"https:\/\/www.atrima.cz\/en\/wp-json\/wp\/v2\/comments?post=1280"}],"version-history":[{"count":0,"href":"https:\/\/www.atrima.cz\/en\/wp-json\/wp\/v2\/pages\/1280\/revisions"}],"up":[{"embeddable":true,"href":"https:\/\/www.atrima.cz\/en\/wp-json\/wp\/v2\/pages\/111"}],"wp:featuredmedia":[{"embeddable":true,"href":"https:\/\/www.atrima.cz\/en\/wp-json\/wp\/v2\/media\/4310"}],"wp:attachment":[{"href":"https:\/\/www.atrima.cz\/en\/wp-json\/wp\/v2\/media?parent=1280"}],"curies":[{"name":"wp","href":"https:\/\/api.w.org\/{rel}","templated":true}]}}