{"id":1278,"date":"2017-11-20T14:21:19","date_gmt":"2017-11-20T13:21:19","guid":{"rendered":"http:\/\/atrima.cz.uvirt64.active24.cz\/?page_id=1278"},"modified":"2021-04-15T14:56:22","modified_gmt":"2021-04-15T12:56:22","slug":"history","status":"publish","type":"page","link":"https:\/\/www.atrima.cz\/en\/about-company\/history\/","title":{"rendered":"History"},"content":{"rendered":"<h2>ATRIMA spol. s\u00a0r.\u00a0o.<\/h2>\n<h3>2005<\/h3>\n<p>Was founded by three co-owners with many years of experience in the branch of handling equipment.<br \/>\nSince than there is continuous dynamic development.<br \/>\nToday there are 39 employees working in the company Atrima.<\/p>\n<p><img loading=\"lazy\" decoding=\"async\" class=\"size-medium wp-image-1226 alignnone\" src=\"https:\/\/www.atrima.cz\/wp-content\/themes\/atrima\/kt\/core\/images\/transparent.png\" data-src=\"https:\/\/www.atrima.cz\/wp-content\/uploads\/2017\/11\/atrima-old-300x225.jpg\" alt=\"\" width=\"300\" height=\"225\" \/>\u00a0<img loading=\"lazy\" decoding=\"async\" class=\"size-medium wp-image-1229 alignnone\" src=\"https:\/\/www.atrima.cz\/wp-content\/themes\/atrima\/kt\/core\/images\/transparent.png\" data-src=\"https:\/\/www.atrima.cz\/wp-content\/uploads\/2017\/11\/atrima-2-old-300x284.jpg\" alt=\"\" width=\"300\" height=\"284\" \/><\/p>\n<p>&nbsp;<\/p>\n<h3>2012<\/h3>\n<p>We introduced a new corporate logo and created new business presentations.<\/p>\n<p><img loading=\"lazy\" decoding=\"async\" class=\"alignnone size-medium wp-image-1238\" src=\"https:\/\/www.atrima.cz\/wp-content\/themes\/atrima\/kt\/core\/images\/transparent.png\" data-src=\"https:\/\/www.atrima.cz\/wp-content\/uploads\/2017\/11\/atrimaweb-293x300.jpg\" alt=\"\" width=\"293\" height=\"300\" srcset=\"https:\/\/www.atrima.cz\/wp-content\/uploads\/2017\/11\/atrimaweb-293x300.jpg 293w, https:\/\/www.atrima.cz\/wp-content\/uploads\/2017\/11\/atrimaweb.jpg 300w\" sizes=\"auto, (max-width: 293px) 100vw, 293px\" \/><\/p>\n<p>We also moved to bigger halls.<\/p>\n<p><img loading=\"lazy\" decoding=\"async\" class=\"alignnone size-medium wp-image-1235\" src=\"https:\/\/www.atrima.cz\/wp-content\/themes\/atrima\/kt\/core\/images\/transparent.png\" data-src=\"https:\/\/www.atrima.cz\/wp-content\/uploads\/2017\/11\/atrimabudova2-300x225.jpg\" alt=\"\" width=\"300\" height=\"225\" \/>\u00a0<img loading=\"lazy\" decoding=\"async\" class=\"alignnone size-medium wp-image-1232\" src=\"https:\/\/www.atrima.cz\/wp-content\/themes\/atrima\/kt\/core\/images\/transparent.png\" data-src=\"https:\/\/www.atrima.cz\/wp-content\/uploads\/2017\/11\/atrimabudova-300x201.jpg\" alt=\"\" width=\"300\" height=\"201\" \/><\/p>\n<h3>2017<\/h3>\n<p>The company employs 47 employees.<\/p>\n<p>We create new corporate prints for you, a new responsive website and an upgrade of our company logo.<\/p>\n<p><img loading=\"lazy\" decoding=\"async\" class=\"alignnone size-medium wp-image-1782\" src=\"https:\/\/www.atrima.cz\/wp-content\/themes\/atrima\/kt\/core\/images\/transparent.png\" data-src=\"https:\/\/www.atrima.cz\/wp-content\/uploads\/2018\/02\/papiry-300x200.jpg\" alt=\"\" width=\"300\" height=\"200\" srcset=\"https:\/\/www.atrima.cz\/wp-content\/uploads\/2018\/02\/papiry-300x200.jpg 300w, https:\/\/www.atrima.cz\/wp-content\/uploads\/2018\/02\/papiry-768x512.jpg 768w, https:\/\/www.atrima.cz\/wp-content\/uploads\/2018\/02\/papiry-1024x683.jpg 1024w\" sizes=\"auto, (max-width: 300px) 100vw, 300px\" \/>\u00a0<img loading=\"lazy\" decoding=\"async\" class=\"alignnone size-medium wp-image-1791\" src=\"https:\/\/www.atrima.cz\/wp-content\/themes\/atrima\/kt\/core\/images\/transparent.png\" data-src=\"https:\/\/www.atrima.cz\/wp-content\/uploads\/2018\/02\/web-responsive-300x200.jpg\" alt=\"\" width=\"300\" height=\"200\" srcset=\"https:\/\/www.atrima.cz\/wp-content\/uploads\/2018\/02\/web-responsive-300x200.jpg 300w, https:\/\/www.atrima.cz\/wp-content\/uploads\/2018\/02\/web-responsive-768x512.jpg 768w, https:\/\/www.atrima.cz\/wp-content\/uploads\/2018\/02\/web-responsive-1024x683.jpg 1024w, https:\/\/www.atrima.cz\/wp-content\/uploads\/2018\/02\/web-responsive.jpg 1200w\" sizes=\"auto, (max-width: 300px) 100vw, 300px\" \/>\u00a0<img loading=\"lazy\" decoding=\"async\" class=\"alignnone size-medium wp-image-1785\" src=\"https:\/\/www.atrima.cz\/wp-content\/themes\/atrima\/kt\/core\/images\/transparent.png\" data-src=\"https:\/\/www.atrima.cz\/wp-content\/uploads\/2018\/02\/projektor-294x300.jpg\" alt=\"\" width=\"294\" height=\"300\" srcset=\"https:\/\/www.atrima.cz\/wp-content\/uploads\/2018\/02\/projektor-294x300.jpg 294w, https:\/\/www.atrima.cz\/wp-content\/uploads\/2018\/02\/projektor-768x783.jpg 768w, https:\/\/www.atrima.cz\/wp-content\/uploads\/2018\/02\/projektor.jpg 1000w\" sizes=\"auto, (max-width: 294px) 100vw, 294px\" \/><\/p>\n<p><strong>2018<\/strong><\/p>\n<p>We put our cars in corporate graphics and logo.<\/p>\n<p><img loading=\"lazy\" decoding=\"async\" class=\"alignnone size-medium wp-image-2261\" src=\"https:\/\/www.atrima.cz\/wp-content\/themes\/atrima\/kt\/core\/images\/transparent.png\" data-src=\"https:\/\/www.atrima.cz\/wp-content\/uploads\/2018\/10\/Auta-polepy-004-300x225.jpg\" alt=\"\" width=\"300\" height=\"225\" srcset=\"https:\/\/www.atrima.cz\/wp-content\/uploads\/2018\/10\/Auta-polepy-004-300x225.jpg 300w, https:\/\/www.atrima.cz\/wp-content\/uploads\/2018\/10\/Auta-polepy-004-768x576.jpg 768w, https:\/\/www.atrima.cz\/wp-content\/uploads\/2018\/10\/Auta-polepy-004-1024x768.jpg 1024w\" sizes=\"auto, (max-width: 300px) 100vw, 300px\" \/>\u00a0<img loading=\"lazy\" decoding=\"async\" class=\"alignnone size-medium wp-image-2267\" src=\"https:\/\/www.atrima.cz\/wp-content\/themes\/atrima\/kt\/core\/images\/transparent.png\" data-src=\"https:\/\/www.atrima.cz\/wp-content\/uploads\/2018\/10\/Auta-polepy-001-300x225.jpg\" alt=\"\" width=\"300\" height=\"225\" srcset=\"https:\/\/www.atrima.cz\/wp-content\/uploads\/2018\/10\/Auta-polepy-001-300x225.jpg 300w, https:\/\/www.atrima.cz\/wp-content\/uploads\/2018\/10\/Auta-polepy-001-768x576.jpg 768w, https:\/\/www.atrima.cz\/wp-content\/uploads\/2018\/10\/Auta-polepy-001-1024x768.jpg 1024w\" sizes=\"auto, (max-width: 300px) 100vw, 300px\" \/>\u00a0<img loading=\"lazy\" decoding=\"async\" class=\"alignnone size-medium wp-image-2270\" src=\"https:\/\/www.atrima.cz\/wp-content\/themes\/atrima\/kt\/core\/images\/transparent.png\" data-src=\"https:\/\/www.atrima.cz\/wp-content\/uploads\/2018\/10\/Auta-polepy-2018-001-300x225.jpg\" alt=\"\" width=\"300\" height=\"225\" srcset=\"https:\/\/www.atrima.cz\/wp-content\/uploads\/2018\/10\/Auta-polepy-2018-001-300x225.jpg 300w, https:\/\/www.atrima.cz\/wp-content\/uploads\/2018\/10\/Auta-polepy-2018-001-768x576.jpg 768w, https:\/\/www.atrima.cz\/wp-content\/uploads\/2018\/10\/Auta-polepy-2018-001-1024x768.jpg 1024w\" sizes=\"auto, (max-width: 300px) 100vw, 300px\" \/>\u00a0<img loading=\"lazy\" decoding=\"async\" class=\"alignnone size-medium wp-image-2285\" src=\"https:\/\/www.atrima.cz\/wp-content\/themes\/atrima\/kt\/core\/images\/transparent.png\" data-src=\"https:\/\/www.atrima.cz\/wp-content\/uploads\/2018\/10\/Auta-polepy-2018-014-300x225.jpg\" alt=\"\" width=\"300\" height=\"225\" srcset=\"https:\/\/www.atrima.cz\/wp-content\/uploads\/2018\/10\/Auta-polepy-2018-014-300x225.jpg 300w, https:\/\/www.atrima.cz\/wp-content\/uploads\/2018\/10\/Auta-polepy-2018-014-768x576.jpg 768w, https:\/\/www.atrima.cz\/wp-content\/uploads\/2018\/10\/Auta-polepy-2018-014-1024x768.jpg 1024w\" sizes=\"auto, (max-width: 300px) 100vw, 300px\" \/><\/p>\n<p><strong>2020<\/strong><\/p>\n<p>The company\u00a0 Atrima moves to \u00a0its own premises in \u0160akvice on Podhr\u00e1z\u00ed Street.<\/p>\n<p><img loading=\"lazy\" decoding=\"async\" class=\"alignnone wp-image-4052\" src=\"https:\/\/www.atrima.cz\/wp-content\/themes\/atrima\/kt\/core\/images\/transparent.png\" data-src=\"https:\/\/www.atrima.cz\/wp-content\/uploads\/2021\/04\/Sakvice-letecky-300x149.jpg\" alt=\"\" width=\"400\" height=\"199\" srcset=\"https:\/\/www.atrima.cz\/wp-content\/uploads\/2021\/04\/Sakvice-letecky-300x149.jpg 300w, https:\/\/www.atrima.cz\/wp-content\/uploads\/2021\/04\/Sakvice-letecky-768x380.jpg 768w, https:\/\/www.atrima.cz\/wp-content\/uploads\/2021\/04\/Sakvice-letecky.jpg 832w\" sizes=\"auto, (max-width: 400px) 100vw, 400px\" \/><\/p>\n<p><img loading=\"lazy\" decoding=\"async\" class=\"alignnone size-medium wp-image-3688\" src=\"https:\/\/www.atrima.cz\/wp-content\/themes\/atrima\/kt\/core\/images\/transparent.png\" data-src=\"https:\/\/www.atrima.cz\/wp-content\/uploads\/2020\/06\/DSCN7778-300x222.jpg\" alt=\"\" width=\"300\" height=\"222\" srcset=\"https:\/\/www.atrima.cz\/wp-content\/uploads\/2020\/06\/DSCN7778-300x222.jpg 300w, https:\/\/www.atrima.cz\/wp-content\/uploads\/2020\/06\/DSCN7778-768x570.jpg 768w, https:\/\/www.atrima.cz\/wp-content\/uploads\/2020\/06\/DSCN7778.jpg 1006w\" sizes=\"auto, (max-width: 300px) 100vw, 300px\" \/> <img loading=\"lazy\" decoding=\"async\" class=\"alignnone size-medium wp-image-3685\" src=\"https:\/\/www.atrima.cz\/wp-content\/uploads\/2020\/06\/hala-\u0160akvice-300x216.jpg\" alt=\"\" width=\"300\" height=\"216\" srcset=\"https:\/\/www.atrima.cz\/wp-content\/uploads\/2020\/06\/hala-\u0160akvice-300x216.jpg 300w, https:\/\/www.atrima.cz\/wp-content\/uploads\/2020\/06\/hala-\u0160akvice-768x553.jpg 768w, https:\/\/www.atrima.cz\/wp-content\/uploads\/2020\/06\/hala-\u0160akvice.jpg 990w\" sizes=\"auto, (max-width: 300px) 100vw, 300px\" \/> <img loading=\"lazy\" decoding=\"async\" class=\"alignnone size-medium wp-image-3716\" src=\"https:\/\/www.atrima.cz\/wp-content\/themes\/atrima\/kt\/core\/images\/transparent.png\" data-src=\"https:\/\/www.atrima.cz\/wp-content\/uploads\/2020\/06\/DSCN7852-300x225.jpg\" alt=\"\" width=\"300\" height=\"225\" srcset=\"https:\/\/www.atrima.cz\/wp-content\/uploads\/2020\/06\/DSCN7852-300x225.jpg 300w, https:\/\/www.atrima.cz\/wp-content\/uploads\/2020\/06\/DSCN7852-768x576.jpg 768w, https:\/\/www.atrima.cz\/wp-content\/uploads\/2020\/06\/DSCN7852.jpg 1024w\" sizes=\"auto, (max-width: 300px) 100vw, 300px\" \/><\/p>\n<p>In the large area there is an office building and three separate production halls.<\/p>\n<p><img loading=\"lazy\" decoding=\"async\" class=\"alignnone size-medium wp-image-3691\" src=\"https:\/\/www.atrima.cz\/wp-content\/themes\/atrima\/kt\/core\/images\/transparent.png\" data-src=\"https:\/\/www.atrima.cz\/wp-content\/uploads\/2020\/06\/IMG_20200511_095535_HDR-300x225.jpg\" alt=\"\" width=\"300\" height=\"225\" srcset=\"https:\/\/www.atrima.cz\/wp-content\/uploads\/2020\/06\/IMG_20200511_095535_HDR-300x225.jpg 300w, https:\/\/www.atrima.cz\/wp-content\/uploads\/2020\/06\/IMG_20200511_095535_HDR-1024x768.jpg 1024w, https:\/\/www.atrima.cz\/wp-content\/uploads\/2020\/06\/IMG_20200511_095535_HDR-768x576.jpg 768w, https:\/\/www.atrima.cz\/wp-content\/uploads\/2020\/06\/IMG_20200511_095535_HDR-1536x1152.jpg 1536w, https:\/\/www.atrima.cz\/wp-content\/uploads\/2020\/06\/IMG_20200511_095535_HDR-2048x1536.jpg 2048w, https:\/\/www.atrima.cz\/wp-content\/uploads\/2020\/06\/IMG_20200511_095535_HDR-scaled.jpg 1920w\" sizes=\"auto, (max-width: 300px) 100vw, 300px\" \/> <img loading=\"lazy\" decoding=\"async\" class=\"alignnone size-medium wp-image-3697\" src=\"https:\/\/www.atrima.cz\/wp-content\/themes\/atrima\/kt\/core\/images\/transparent.png\" data-src=\"https:\/\/www.atrima.cz\/wp-content\/uploads\/2020\/06\/IMG_20200511_103853_HDR-300x225.jpg\" alt=\"\" width=\"300\" height=\"225\" srcset=\"https:\/\/www.atrima.cz\/wp-content\/uploads\/2020\/06\/IMG_20200511_103853_HDR-300x225.jpg 300w, https:\/\/www.atrima.cz\/wp-content\/uploads\/2020\/06\/IMG_20200511_103853_HDR-1024x768.jpg 1024w, https:\/\/www.atrima.cz\/wp-content\/uploads\/2020\/06\/IMG_20200511_103853_HDR-768x576.jpg 768w, https:\/\/www.atrima.cz\/wp-content\/uploads\/2020\/06\/IMG_20200511_103853_HDR-1536x1152.jpg 1536w, https:\/\/www.atrima.cz\/wp-content\/uploads\/2020\/06\/IMG_20200511_103853_HDR-2048x1536.jpg 2048w, https:\/\/www.atrima.cz\/wp-content\/uploads\/2020\/06\/IMG_20200511_103853_HDR-scaled.jpg 1920w\" sizes=\"auto, (max-width: 300px) 100vw, 300px\" \/> <img loading=\"lazy\" decoding=\"async\" class=\"alignnone size-medium wp-image-3694\" src=\"https:\/\/www.atrima.cz\/wp-content\/themes\/atrima\/kt\/core\/images\/transparent.png\" data-src=\"https:\/\/www.atrima.cz\/wp-content\/uploads\/2020\/06\/IMG_20200511_100209_HDR-300x225.jpg\" alt=\"\" width=\"300\" height=\"225\" srcset=\"https:\/\/www.atrima.cz\/wp-content\/uploads\/2020\/06\/IMG_20200511_100209_HDR-300x225.jpg 300w, https:\/\/www.atrima.cz\/wp-content\/uploads\/2020\/06\/IMG_20200511_100209_HDR-1024x768.jpg 1024w, https:\/\/www.atrima.cz\/wp-content\/uploads\/2020\/06\/IMG_20200511_100209_HDR-768x576.jpg 768w, https:\/\/www.atrima.cz\/wp-content\/uploads\/2020\/06\/IMG_20200511_100209_HDR-1536x1152.jpg 1536w, https:\/\/www.atrima.cz\/wp-content\/uploads\/2020\/06\/IMG_20200511_100209_HDR-2048x1536.jpg 2048w, https:\/\/www.atrima.cz\/wp-content\/uploads\/2020\/06\/IMG_20200511_100209_HDR-scaled.jpg 1920w\" sizes=\"auto, (max-width: 300px) 100vw, 300px\" \/> <img loading=\"lazy\" decoding=\"async\" class=\"alignnone size-medium wp-image-3713\" src=\"https:\/\/www.atrima.cz\/wp-content\/themes\/atrima\/kt\/core\/images\/transparent.png\" data-src=\"https:\/\/www.atrima.cz\/wp-content\/uploads\/2020\/06\/DSCN7846-300x225.jpg\" alt=\"\" width=\"300\" height=\"225\" srcset=\"https:\/\/www.atrima.cz\/wp-content\/uploads\/2020\/06\/DSCN7846-300x225.jpg 300w, https:\/\/www.atrima.cz\/wp-content\/uploads\/2020\/06\/DSCN7846-768x576.jpg 768w, https:\/\/www.atrima.cz\/wp-content\/uploads\/2020\/06\/DSCN7846.jpg 981w\" sizes=\"auto, (max-width: 300px) 100vw, 300px\" \/><\/p>\n<h3>2021<\/h3>\n<p>The owners of Atrima have always tried to create a<strong> safe and friendly working environment for their employees<\/strong>. That is why this year they have officially joined the companies that care about human health and safety, fair dealing and the promotion of environmental sustainability.<\/p>\n<p>The company has written a<strong> Code of Conduct<\/strong>. The sustainability of society is built on <strong>social, economic and environmental pillars.<\/strong><\/p>\n<p>The Code promotes the alignment of economic and social development with the capacities of ecosystems and the preservation of natural values and biodiversity for present and future generations.<\/p>\n<p><img loading=\"lazy\" decoding=\"async\" class=\"alignnone size-medium wp-image-870\" src=\"https:\/\/www.atrima.cz\/wp-content\/themes\/atrima\/kt\/core\/images\/transparent.png\" data-src=\"https:\/\/www.atrima.cz\/wp-content\/uploads\/2017\/10\/Kariera-1-300x200.jpg\" alt=\"\" width=\"300\" height=\"200\" srcset=\"https:\/\/www.atrima.cz\/wp-content\/uploads\/2017\/10\/Kariera-1-300x200.jpg 300w, https:\/\/www.atrima.cz\/wp-content\/uploads\/2017\/10\/Kariera-1-768x512.jpg 768w, https:\/\/www.atrima.cz\/wp-content\/uploads\/2017\/10\/Kariera-1-1024x682.jpg 1024w, https:\/\/www.atrima.cz\/wp-content\/uploads\/2017\/10\/Kariera-1.jpg 2000w\" sizes=\"auto, (max-width: 300px) 100vw, 300px\" \/> <img loading=\"lazy\" decoding=\"async\" class=\"alignnone  wp-image-864\" src=\"https:\/\/www.atrima.cz\/wp-content\/themes\/atrima\/kt\/core\/images\/transparent.png\" data-src=\"https:\/\/www.atrima.cz\/wp-content\/uploads\/2017\/10\/ospolecnosti-300x169.jpg\" alt=\"\" width=\"351\" height=\"198\" srcset=\"https:\/\/www.atrima.cz\/wp-content\/uploads\/2017\/10\/ospolecnosti-300x169.jpg 300w, https:\/\/www.atrima.cz\/wp-content\/uploads\/2017\/10\/ospolecnosti-768x432.jpg 768w, https:\/\/www.atrima.cz\/wp-content\/uploads\/2017\/10\/ospolecnosti-1024x576.jpg 1024w, https:\/\/www.atrima.cz\/wp-content\/uploads\/2017\/10\/ospolecnosti-435x245.jpg 435w, https:\/\/www.atrima.cz\/wp-content\/uploads\/2017\/10\/ospolecnosti-660x370.jpg 660w, https:\/\/www.atrima.cz\/wp-content\/uploads\/2017\/10\/ospolecnosti.jpg 1920w\" sizes=\"auto, (max-width: 351px) 100vw, 351px\" \/>\u00a0<img loading=\"lazy\" decoding=\"async\" class=\"alignnone size-medium wp-image-2877\" src=\"https:\/\/www.atrima.cz\/wp-content\/themes\/atrima\/kt\/core\/images\/transparent.png\" data-src=\"https:\/\/www.atrima.cz\/wp-content\/uploads\/2019\/06\/dychani-3-300x199.jpg\" alt=\"\" width=\"300\" height=\"199\" srcset=\"https:\/\/www.atrima.cz\/wp-content\/uploads\/2019\/06\/dychani-3-300x199.jpg 300w, https:\/\/www.atrima.cz\/wp-content\/uploads\/2019\/06\/dychani-3-768x509.jpg 768w, https:\/\/www.atrima.cz\/wp-content\/uploads\/2019\/06\/dychani-3-1024x679.jpg 1024w, https:\/\/www.atrima.cz\/wp-content\/uploads\/2019\/06\/dychani-3.jpg 1500w\" sizes=\"auto, (max-width: 300px) 100vw, 300px\" \/><\/p>\n<p>&nbsp;<\/p>\n<p>&nbsp;<\/p>\n","protected":false},"excerpt":{"rendered":"<p>ATRIMA spol. s\u00a0r.\u00a0o. 2005 Was founded by three co-owners with many years of experience in the branch of handling equipment. Since than there is continuous dynamic development. Today there are 39 employees working in the company Atrima. \u00a0 &nbsp; 2012 We introduced a new corporate logo and created new business presentations. We also moved to&#8230;<\/p>\n","protected":false},"author":2,"featured_media":0,"parent":111,"menu_order":0,"comment_status":"closed","ping_status":"closed","template":"","meta":{"_monsterinsights_skip_tracking":false,"_monsterinsights_sitenote_active":false,"_monsterinsights_sitenote_note":"","_monsterinsights_sitenote_category":0,"footnotes":""},"class_list":["post-1278","page","type-page","status-publish","hentry"],"yoast_head":"<!-- This site is optimized with the Yoast SEO plugin v27.5 - https:\/\/yoast.com\/product\/yoast-seo-wordpress\/ -->\n<title>History - Atrima spol. s r.o.<\/title>\n<meta name=\"robots\" content=\"index, follow, max-snippet:-1, max-image-preview:large, max-video-preview:-1\" \/>\n<link rel=\"canonical\" href=\"https:\/\/www.atrima.cz\/en\/about-company\/history\/\" \/>\n<meta property=\"og:locale\" content=\"en_GB\" \/>\n<meta property=\"og:type\" content=\"article\" \/>\n<meta property=\"og:title\" content=\"History - Atrima spol. s r.o.\" \/>\n<meta property=\"og:description\" content=\"ATRIMA spol. s\u00a0r.\u00a0o. 2005 Was founded by three co-owners with many years of experience in the branch of handling equipment. Since than there is continuous dynamic development. Today there are 39 employees working in the company Atrima. \u00a0 &nbsp; 2012 We introduced a new corporate logo and created new business presentations. We also moved to...\" \/>\n<meta property=\"og:url\" content=\"https:\/\/www.atrima.cz\/en\/about-company\/history\/\" \/>\n<meta property=\"og:site_name\" content=\"Atrima spol. s r.o.\" \/>\n<meta property=\"article:publisher\" content=\"https:\/\/www.facebook.com\/Atrima2022\/\" \/>\n<meta property=\"article:modified_time\" content=\"2021-04-15T12:56:22+00:00\" \/>\n<meta property=\"og:image\" content=\"https:\/\/www.atrima.cz\/wp-content\/uploads\/2017\/11\/atrima-old-300x225.jpg\" \/>\n<meta name=\"twitter:card\" content=\"summary_large_image\" \/>\n<meta name=\"twitter:label1\" content=\"Estimated reading time\" \/>\n\t<meta name=\"twitter:data1\" content=\"6 minutes\" \/>\n<script type=\"application\/ld+json\" class=\"yoast-schema-graph\">{\"@context\":\"https:\\\/\\\/schema.org\",\"@graph\":[{\"@type\":\"WebPage\",\"@id\":\"https:\\\/\\\/www.atrima.cz\\\/en\\\/about-company\\\/history\\\/\",\"url\":\"https:\\\/\\\/www.atrima.cz\\\/en\\\/about-company\\\/history\\\/\",\"name\":\"History - Atrima spol. s r.o.\",\"isPartOf\":{\"@id\":\"https:\\\/\\\/www.atrima.cz\\\/#website\"},\"primaryImageOfPage\":{\"@id\":\"https:\\\/\\\/www.atrima.cz\\\/en\\\/about-company\\\/history\\\/#primaryimage\"},\"image\":{\"@id\":\"https:\\\/\\\/www.atrima.cz\\\/en\\\/about-company\\\/history\\\/#primaryimage\"},\"thumbnailUrl\":\"https:\\\/\\\/www.atrima.cz\\\/wp-content\\\/uploads\\\/2017\\\/11\\\/atrima-old-300x225.jpg\",\"datePublished\":\"2017-11-20T13:21:19+00:00\",\"dateModified\":\"2021-04-15T12:56:22+00:00\",\"breadcrumb\":{\"@id\":\"https:\\\/\\\/www.atrima.cz\\\/en\\\/about-company\\\/history\\\/#breadcrumb\"},\"inLanguage\":\"en-GB\",\"potentialAction\":[{\"@type\":\"ReadAction\",\"target\":[\"https:\\\/\\\/www.atrima.cz\\\/en\\\/about-company\\\/history\\\/\"]}]},{\"@type\":\"ImageObject\",\"inLanguage\":\"en-GB\",\"@id\":\"https:\\\/\\\/www.atrima.cz\\\/en\\\/about-company\\\/history\\\/#primaryimage\",\"url\":\"https:\\\/\\\/www.atrima.cz\\\/wp-content\\\/uploads\\\/2017\\\/11\\\/atrima-old-300x225.jpg\",\"contentUrl\":\"https:\\\/\\\/www.atrima.cz\\\/wp-content\\\/uploads\\\/2017\\\/11\\\/atrima-old-300x225.jpg\"},{\"@type\":\"BreadcrumbList\",\"@id\":\"https:\\\/\\\/www.atrima.cz\\\/en\\\/about-company\\\/history\\\/#breadcrumb\",\"itemListElement\":[{\"@type\":\"ListItem\",\"position\":1,\"name\":\"Dom\u016f\",\"item\":\"https:\\\/\\\/www.atrima.cz\\\/en\\\/\"},{\"@type\":\"ListItem\",\"position\":2,\"name\":\"About us\",\"item\":\"https:\\\/\\\/www.atrima.cz\\\/en\\\/about-company\\\/\"},{\"@type\":\"ListItem\",\"position\":3,\"name\":\"History\"}]},{\"@type\":\"WebSite\",\"@id\":\"https:\\\/\\\/www.atrima.cz\\\/#website\",\"url\":\"https:\\\/\\\/www.atrima.cz\\\/\",\"name\":\"Atrima spol. s r.o.\",\"description\":\"Spole\u010dnost Atrima se \u00fasp\u011b\u0161n\u011b zam\u011b\u0159uje na v\u00fdvoj, v\u00fdrobu a  realizaci individu\u00e1ln\u00edch manipula\u010dn\u00edch a  dopravn\u00edch za\u0159\u00edzen\u00ed, kter\u00e1 zefektivn\u00ed v\u00fdrobu. Ned\u00edlnou sou\u010d\u00e1st\u00ed dodan\u00e9ho za\u0159\u00edzen\u00ed je i  servis.\",\"potentialAction\":[{\"@type\":\"SearchAction\",\"target\":{\"@type\":\"EntryPoint\",\"urlTemplate\":\"https:\\\/\\\/www.atrima.cz\\\/?s={search_term_string}\"},\"query-input\":{\"@type\":\"PropertyValueSpecification\",\"valueRequired\":true,\"valueName\":\"search_term_string\"}}],\"inLanguage\":\"en-GB\"}]}<\/script>\n<!-- \/ Yoast SEO plugin. -->","yoast_head_json":{"title":"History - Atrima spol. s r.o.","robots":{"index":"index","follow":"follow","max-snippet":"max-snippet:-1","max-image-preview":"max-image-preview:large","max-video-preview":"max-video-preview:-1"},"canonical":"https:\/\/www.atrima.cz\/en\/about-company\/history\/","og_locale":"en_GB","og_type":"article","og_title":"History - Atrima spol. s r.o.","og_description":"ATRIMA spol. s\u00a0r.\u00a0o. 2005 Was founded by three co-owners with many years of experience in the branch of handling equipment. Since than there is continuous dynamic development. Today there are 39 employees working in the company Atrima. \u00a0 &nbsp; 2012 We introduced a new corporate logo and created new business presentations. We also moved to...","og_url":"https:\/\/www.atrima.cz\/en\/about-company\/history\/","og_site_name":"Atrima spol. s r.o.","article_publisher":"https:\/\/www.facebook.com\/Atrima2022\/","article_modified_time":"2021-04-15T12:56:22+00:00","og_image":[{"url":"https:\/\/www.atrima.cz\/wp-content\/uploads\/2017\/11\/atrima-old-300x225.jpg","type":"","width":"","height":""}],"twitter_card":"summary_large_image","twitter_misc":{"Estimated reading time":"6 minutes"},"schema":{"@context":"https:\/\/schema.org","@graph":[{"@type":"WebPage","@id":"https:\/\/www.atrima.cz\/en\/about-company\/history\/","url":"https:\/\/www.atrima.cz\/en\/about-company\/history\/","name":"History - Atrima spol. s r.o.","isPartOf":{"@id":"https:\/\/www.atrima.cz\/#website"},"primaryImageOfPage":{"@id":"https:\/\/www.atrima.cz\/en\/about-company\/history\/#primaryimage"},"image":{"@id":"https:\/\/www.atrima.cz\/en\/about-company\/history\/#primaryimage"},"thumbnailUrl":"https:\/\/www.atrima.cz\/wp-content\/uploads\/2017\/11\/atrima-old-300x225.jpg","datePublished":"2017-11-20T13:21:19+00:00","dateModified":"2021-04-15T12:56:22+00:00","breadcrumb":{"@id":"https:\/\/www.atrima.cz\/en\/about-company\/history\/#breadcrumb"},"inLanguage":"en-GB","potentialAction":[{"@type":"ReadAction","target":["https:\/\/www.atrima.cz\/en\/about-company\/history\/"]}]},{"@type":"ImageObject","inLanguage":"en-GB","@id":"https:\/\/www.atrima.cz\/en\/about-company\/history\/#primaryimage","url":"https:\/\/www.atrima.cz\/wp-content\/uploads\/2017\/11\/atrima-old-300x225.jpg","contentUrl":"https:\/\/www.atrima.cz\/wp-content\/uploads\/2017\/11\/atrima-old-300x225.jpg"},{"@type":"BreadcrumbList","@id":"https:\/\/www.atrima.cz\/en\/about-company\/history\/#breadcrumb","itemListElement":[{"@type":"ListItem","position":1,"name":"Dom\u016f","item":"https:\/\/www.atrima.cz\/en\/"},{"@type":"ListItem","position":2,"name":"About us","item":"https:\/\/www.atrima.cz\/en\/about-company\/"},{"@type":"ListItem","position":3,"name":"History"}]},{"@type":"WebSite","@id":"https:\/\/www.atrima.cz\/#website","url":"https:\/\/www.atrima.cz\/","name":"Atrima spol. s r.o.","description":"Spole\u010dnost Atrima se \u00fasp\u011b\u0161n\u011b zam\u011b\u0159uje na v\u00fdvoj, v\u00fdrobu a  realizaci individu\u00e1ln\u00edch manipula\u010dn\u00edch a  dopravn\u00edch za\u0159\u00edzen\u00ed, kter\u00e1 zefektivn\u00ed v\u00fdrobu. Ned\u00edlnou sou\u010d\u00e1st\u00ed dodan\u00e9ho za\u0159\u00edzen\u00ed je i  servis.","potentialAction":[{"@type":"SearchAction","target":{"@type":"EntryPoint","urlTemplate":"https:\/\/www.atrima.cz\/?s={search_term_string}"},"query-input":{"@type":"PropertyValueSpecification","valueRequired":true,"valueName":"search_term_string"}}],"inLanguage":"en-GB"}]}},"_links":{"self":[{"href":"https:\/\/www.atrima.cz\/en\/wp-json\/wp\/v2\/pages\/1278","targetHints":{"allow":["GET"]}}],"collection":[{"href":"https:\/\/www.atrima.cz\/en\/wp-json\/wp\/v2\/pages"}],"about":[{"href":"https:\/\/www.atrima.cz\/en\/wp-json\/wp\/v2\/types\/page"}],"author":[{"embeddable":true,"href":"https:\/\/www.atrima.cz\/en\/wp-json\/wp\/v2\/users\/2"}],"replies":[{"embeddable":true,"href":"https:\/\/www.atrima.cz\/en\/wp-json\/wp\/v2\/comments?post=1278"}],"version-history":[{"count":0,"href":"https:\/\/www.atrima.cz\/en\/wp-json\/wp\/v2\/pages\/1278\/revisions"}],"up":[{"embeddable":true,"href":"https:\/\/www.atrima.cz\/en\/wp-json\/wp\/v2\/pages\/111"}],"wp:attachment":[{"href":"https:\/\/www.atrima.cz\/en\/wp-json\/wp\/v2\/media?parent=1278"}],"curies":[{"name":"wp","href":"https:\/\/api.w.org\/{rel}","templated":true}]}}