{"id":1281,"date":"2017-11-20T12:56:56","date_gmt":"2017-11-20T11:56:56","guid":{"rendered":"http:\/\/atrima.cz.uvirt64.active24.cz\/?page_id=1281"},"modified":"2021-05-10T14:11:08","modified_gmt":"2021-05-10T12:11:08","slug":"grant-programs","status":"publish","type":"page","link":"https:\/\/www.atrima.cz\/de\/mehr-ueber-uns\/grant-programs\/","title":{"rendered":"Grant programs"},"content":{"rendered":"<p><b><div class=\"col-sm-6\"><\/b><\/p>\n<p><img loading=\"lazy\" decoding=\"async\" class=\"alignnone size-medium wp-image-3958\" src=\"https:\/\/www.atrima.cz\/wp-content\/themes\/atrima\/kt\/core\/images\/transparent.png\" data-src=\"https:\/\/www.atrima.cz\/wp-content\/uploads\/2021\/03\/logotyp_tagline_SB_RGB_PNG_01_primary-300x150.png\" alt=\"\" width=\"300\" height=\"150\" srcset=\"https:\/\/www.atrima.cz\/wp-content\/uploads\/2021\/03\/logotyp_tagline_SB_RGB_PNG_01_primary-300x150.png 300w, https:\/\/www.atrima.cz\/wp-content\/uploads\/2021\/03\/logotyp_tagline_SB_RGB_PNG_01_primary-1024x512.png 1024w, https:\/\/www.atrima.cz\/wp-content\/uploads\/2021\/03\/logotyp_tagline_SB_RGB_PNG_01_primary-768x384.png 768w, https:\/\/www.atrima.cz\/wp-content\/uploads\/2021\/03\/logotyp_tagline_SB_RGB_PNG_01_primary.png 1417w\" sizes=\"auto, (max-width: 300px) 100vw, 300px\" \/><\/p>\n<p>Atrima ist sich der Bedeutung der Umwelt bewusst, weshalb es an der <strong>Aufforderung des Umweltministeriums 9\/2019 teilnahm: \u201eWir setzen auf die Zukunft\u201c<\/strong>, um das Gr\u00fcn in St\u00e4dten und Gemeinden zu unterst\u00fctzen. Im Rahmen dieses Aufrufs pflanzte das Unternehmen Atrima 8 bereits ausgewachsene Laubb\u00e4ume in der Podhr\u00e1z\u00ed-Stra\u00dfe vor seinem Gel\u00e4nde.<\/p>\n<p>Das Projekt wurde unter Beteiligung des Staatlichen Umweltfonds der Tschechischen Republik durchgef\u00fchrt.<\/p>\n<p><img loading=\"lazy\" decoding=\"async\" class=\"alignnone size-medium wp-image-3973\" src=\"https:\/\/www.atrima.cz\/wp-content\/themes\/atrima\/kt\/core\/images\/transparent.png\" data-src=\"https:\/\/www.atrima.cz\/wp-content\/uploads\/2021\/03\/Tabulka-podpora-Statniho-fondu-300x144.jpg\" alt=\"\" width=\"300\" height=\"144\" srcset=\"https:\/\/www.atrima.cz\/wp-content\/uploads\/2021\/03\/Tabulka-podpora-Statniho-fondu-300x144.jpg 300w, https:\/\/www.atrima.cz\/wp-content\/uploads\/2021\/03\/Tabulka-podpora-Statniho-fondu-768x369.jpg 768w, https:\/\/www.atrima.cz\/wp-content\/uploads\/2021\/03\/Tabulka-podpora-Statniho-fondu.jpg 919w\" sizes=\"auto, (max-width: 300px) 100vw, 300px\" \/><\/p>\n<p><strong>B\u00e4ume sind ein wirksames Instrument, um die Auswirkungen des Klimawandels zu mildern.<\/strong><\/p>\n<p>Es schafft ein Zuhause und einen Unterschlupf f\u00fcr viele Tiere, bringt Schatten, h\u00e4lt Wasser zur\u00fcck, befeuchtet die Luft, reduziert Staub, L\u00e4rm und Temperatur in der Umgebung und verbessert die Bodenqualit\u00e4t. B\u00e4ume wirken sich auch positiv auf den Menschen aus. Der Blick auf die B\u00e4ume beruhigt sich.<\/p>\n<p>B\u00e4ume haben ihre \u00e4sthetische Funktion.<\/p>\n<p>Wir pflanzten im Fr\u00fchling fr\u00f6hlich bl\u00fchende Zier-Sakura, gr\u00fcne Ahornb\u00e4ume, kugelf\u00f6rmige Katalpha und farbigen Ahorn. Wir freuen uns auf die ersten Fr\u00fchlingsbl\u00e4tter.<\/p>\n<p><img loading=\"lazy\" decoding=\"async\" class=\"alignnone size-medium wp-image-3946\" src=\"https:\/\/www.atrima.cz\/wp-content\/themes\/atrima\/kt\/core\/images\/transparent.png\" data-src=\"https:\/\/www.atrima.cz\/wp-content\/uploads\/2021\/03\/DSCN8304-300x225.jpg\" alt=\"\" width=\"300\" height=\"225\" srcset=\"https:\/\/www.atrima.cz\/wp-content\/uploads\/2021\/03\/DSCN8304-300x225.jpg 300w, https:\/\/www.atrima.cz\/wp-content\/uploads\/2021\/03\/DSCN8304-768x575.jpg 768w, https:\/\/www.atrima.cz\/wp-content\/uploads\/2021\/03\/DSCN8304.jpg 989w\" sizes=\"auto, (max-width: 300px) 100vw, 300px\" \/> <img loading=\"lazy\" decoding=\"async\" class=\"alignnone size-medium wp-image-3952\" src=\"https:\/\/www.atrima.cz\/wp-content\/themes\/atrima\/kt\/core\/images\/transparent.png\" data-src=\"https:\/\/www.atrima.cz\/wp-content\/uploads\/2021\/03\/DSCN8311-225x300.jpg\" alt=\"\" width=\"225\" height=\"300\" srcset=\"https:\/\/www.atrima.cz\/wp-content\/uploads\/2021\/03\/DSCN8311-225x300.jpg 225w, https:\/\/www.atrima.cz\/wp-content\/uploads\/2021\/03\/DSCN8311.jpg 768w\" sizes=\"auto, (max-width: 225px) 100vw, 225px\" \/> <img loading=\"lazy\" decoding=\"async\" class=\"alignnone size-medium wp-image-3949\" src=\"https:\/\/www.atrima.cz\/wp-content\/themes\/atrima\/kt\/core\/images\/transparent.png\" data-src=\"https:\/\/www.atrima.cz\/wp-content\/uploads\/2021\/03\/DSCN8306-300x223.jpg\" alt=\"\" width=\"300\" height=\"223\" srcset=\"https:\/\/www.atrima.cz\/wp-content\/uploads\/2021\/03\/DSCN8306-300x223.jpg 300w, https:\/\/www.atrima.cz\/wp-content\/uploads\/2021\/03\/DSCN8306-768x572.jpg 768w, https:\/\/www.atrima.cz\/wp-content\/uploads\/2021\/03\/DSCN8306.jpg 994w\" sizes=\"auto, (max-width: 300px) 100vw, 300px\" \/>\u00a0 Baumpflanzungen\/ <em>Fr\u00fchling 2021<\/em><\/p>\n<p><img loading=\"lazy\" decoding=\"async\" class=\"alignnone size-medium wp-image-4067\" src=\"https:\/\/www.atrima.cz\/wp-content\/themes\/atrima\/kt\/core\/images\/transparent.png\" data-src=\"https:\/\/www.atrima.cz\/wp-content\/uploads\/2021\/04\/DSCN8476-300x225.jpg\" alt=\"\" width=\"300\" height=\"225\" srcset=\"https:\/\/www.atrima.cz\/wp-content\/uploads\/2021\/04\/DSCN8476-300x225.jpg 300w, https:\/\/www.atrima.cz\/wp-content\/uploads\/2021\/04\/DSCN8476-768x576.jpg 768w, https:\/\/www.atrima.cz\/wp-content\/uploads\/2021\/04\/DSCN8476.jpg 1024w\" sizes=\"auto, (max-width: 300px) 100vw, 300px\" \/> <img loading=\"lazy\" decoding=\"async\" class=\"alignnone size-medium wp-image-4064\" src=\"https:\/\/www.atrima.cz\/wp-content\/themes\/atrima\/kt\/core\/images\/transparent.png\" data-src=\"https:\/\/www.atrima.cz\/wp-content\/uploads\/2021\/04\/DSCN8480-225x300.jpg\" alt=\"\" width=\"225\" height=\"300\" srcset=\"https:\/\/www.atrima.cz\/wp-content\/uploads\/2021\/04\/DSCN8480-225x300.jpg 225w, https:\/\/www.atrima.cz\/wp-content\/uploads\/2021\/04\/DSCN8480.jpg 768w\" sizes=\"auto, (max-width: 225px) 100vw, 225px\" \/><\/p>\n<p>&nbsp;<\/p>\n<p><strong>\u00a0 \u00a0 \u00a0ATRIMA entwickelt, erweitert und erneuert kontinuierlich seine Produkte. Zu diesem Zweck st\u00fctzt sie sich auf Beitr\u00e4ge aus den Strukturfonds der Europ\u00e4ischen Union.<\/strong><\/p>\n<p>&nbsp;<\/p>\n<p>Am 28. Februar <strong>2018<\/strong> haben wir das Projekt &#8222;<strong>Modernisierung der Kapazit\u00e4t des Entwicklungszentrums der ATRIMA spol. s\u00a0 r. o. &#8220;\u00a0<\/strong>mit der Registrierungsnummer CZ.01.1.02 \/ 0.0 \/ 0.0 \/ 16_092 \/ 0008897 beendet. Im Rahmen des Projektes entwickelte wir in unserer Gesellschaft N\u00e1dra\u017en\u00ed 41, 693 01 Hustope\u010de, ein modernes Entwicklungszentrum, das sich auf die Erforschung und Entwicklung neuer Linien von Palettierern und Kompostapplikatoren konzentriert.<\/p>\n<p>&nbsp;<\/p>\n<p>&nbsp;<\/p>\n<p><strong>2017<\/strong>: Gegenw\u00e4rtig f\u00fchrt das Unternehmen die folgenden von der Europ\u00e4ischen Union mitfinanzierten Projekte durch:<\/p>\n<p><img loading=\"lazy\" decoding=\"async\" class=\"alignnone wp-image-1245 size-full\" src=\"https:\/\/www.atrima.cz\/wp-content\/themes\/atrima\/kt\/core\/images\/transparent.png\" data-src=\"https:\/\/www.atrima.cz\/wp-content\/uploads\/2017\/11\/RTEmagicC_Vyvoj_zarizeni.jpg.jpg\" alt=\"\" width=\"300\" height=\"424\" srcset=\"https:\/\/www.atrima.cz\/wp-content\/uploads\/2017\/11\/RTEmagicC_Vyvoj_zarizeni.jpg.jpg 300w, https:\/\/www.atrima.cz\/wp-content\/uploads\/2017\/11\/RTEmagicC_Vyvoj_zarizeni.jpg-212x300.jpg 212w\" sizes=\"auto, (max-width: 300px) 100vw, 300px\" \/><\/p>\n<p><img loading=\"lazy\" decoding=\"async\" class=\"alignnone wp-image-1248 size-full\" src=\"https:\/\/www.atrima.cz\/wp-content\/themes\/atrima\/kt\/core\/images\/transparent.png\" data-src=\"https:\/\/www.atrima.cz\/wp-content\/uploads\/2017\/11\/RTEmagicC_0443_001.jpg.jpg\" alt=\"\" width=\"300\" height=\"424\" srcset=\"https:\/\/www.atrima.cz\/wp-content\/uploads\/2017\/11\/RTEmagicC_0443_001.jpg.jpg 300w, https:\/\/www.atrima.cz\/wp-content\/uploads\/2017\/11\/RTEmagicC_0443_001.jpg-212x300.jpg 212w\" sizes=\"auto, (max-width: 300px) 100vw, 300px\" \/><\/p>\n<p><img loading=\"lazy\" decoding=\"async\" class=\"alignnone wp-image-1251 size-full\" src=\"https:\/\/www.atrima.cz\/wp-content\/themes\/atrima\/kt\/core\/images\/transparent.png\" data-src=\"https:\/\/www.atrima.cz\/wp-content\/uploads\/2017\/11\/topczechquality.jpg\" alt=\"\" width=\"300\" height=\"497\" srcset=\"https:\/\/www.atrima.cz\/wp-content\/uploads\/2017\/11\/topczechquality.jpg 300w, https:\/\/www.atrima.cz\/wp-content\/uploads\/2017\/11\/topczechquality-181x300.jpg 181w\" sizes=\"auto, (max-width: 300px) 100vw, 300px\" \/><\/p>\n<p><b><\/div><\/b><\/p>\n","protected":false},"excerpt":{"rendered":"<p>Atrima ist sich der Bedeutung der Umwelt bewusst, weshalb es an der Aufforderung des Umweltministeriums 9\/2019 teilnahm: \u201eWir setzen auf die Zukunft\u201c, um das Gr\u00fcn in St\u00e4dten und Gemeinden zu unterst\u00fctzen. Im Rahmen dieses Aufrufs pflanzte das Unternehmen Atrima 8 bereits ausgewachsene Laubb\u00e4ume in der Podhr\u00e1z\u00ed-Stra\u00dfe vor seinem Gel\u00e4nde. Das Projekt wurde unter Beteiligung des&#8230;<\/p>\n","protected":false},"author":2,"featured_media":4311,"parent":112,"menu_order":0,"comment_status":"closed","ping_status":"closed","template":"","meta":{"_monsterinsights_skip_tracking":false,"_monsterinsights_sitenote_active":false,"_monsterinsights_sitenote_note":"","_monsterinsights_sitenote_category":0,"footnotes":""},"class_list":["post-1281","page","type-page","status-publish","has-post-thumbnail","hentry"],"yoast_head":"<!-- This site is optimized with the Yoast SEO plugin v27.5 - https:\/\/yoast.com\/product\/yoast-seo-wordpress\/ -->\n<title>Grant programs - Atrima spol. s r.o.<\/title>\n<meta name=\"robots\" content=\"index, follow, max-snippet:-1, max-image-preview:large, max-video-preview:-1\" \/>\n<link rel=\"canonical\" href=\"https:\/\/www.atrima.cz\/de\/mehr-ueber-uns\/grant-programs\/\" \/>\n<meta property=\"og:locale\" content=\"de_DE\" \/>\n<meta property=\"og:type\" content=\"article\" \/>\n<meta property=\"og:title\" content=\"Grant programs - Atrima spol. s r.o.\" \/>\n<meta property=\"og:description\" content=\"Atrima ist sich der Bedeutung der Umwelt bewusst, weshalb es an der Aufforderung des Umweltministeriums 9\/2019 teilnahm: \u201eWir setzen auf die Zukunft\u201c, um das Gr\u00fcn in St\u00e4dten und Gemeinden zu unterst\u00fctzen. Im Rahmen dieses Aufrufs pflanzte das Unternehmen Atrima 8 bereits ausgewachsene Laubb\u00e4ume in der Podhr\u00e1z\u00ed-Stra\u00dfe vor seinem Gel\u00e4nde. Das Projekt wurde unter Beteiligung des...\" \/>\n<meta property=\"og:url\" content=\"https:\/\/www.atrima.cz\/de\/mehr-ueber-uns\/grant-programs\/\" \/>\n<meta property=\"og:site_name\" content=\"Atrima spol. s r.o.\" \/>\n<meta property=\"article:publisher\" content=\"https:\/\/www.facebook.com\/Atrima2022\/\" \/>\n<meta property=\"article:modified_time\" content=\"2021-05-10T12:11:08+00:00\" \/>\n<meta property=\"og:image\" content=\"https:\/\/www.atrima.cz\/wp-content\/uploads\/2017\/10\/engineering.jpg\" \/>\n\t<meta property=\"og:image:width\" content=\"436\" \/>\n\t<meta property=\"og:image:height\" content=\"246\" \/>\n\t<meta property=\"og:image:type\" content=\"image\/jpeg\" \/>\n<meta name=\"twitter:card\" content=\"summary_large_image\" \/>\n<meta name=\"twitter:label1\" content=\"Gesch\u00e4tzte Lesezeit\" \/>\n\t<meta name=\"twitter:data1\" content=\"4\u00a0Minuten\" \/>\n<script type=\"application\/ld+json\" class=\"yoast-schema-graph\">{\"@context\":\"https:\\\/\\\/schema.org\",\"@graph\":[{\"@type\":\"WebPage\",\"@id\":\"https:\\\/\\\/www.atrima.cz\\\/de\\\/mehr-ueber-uns\\\/grant-programs\\\/\",\"url\":\"https:\\\/\\\/www.atrima.cz\\\/de\\\/mehr-ueber-uns\\\/grant-programs\\\/\",\"name\":\"Grant programs - Atrima spol. s r.o.\",\"isPartOf\":{\"@id\":\"https:\\\/\\\/www.atrima.cz\\\/#website\"},\"primaryImageOfPage\":{\"@id\":\"https:\\\/\\\/www.atrima.cz\\\/de\\\/mehr-ueber-uns\\\/grant-programs\\\/#primaryimage\"},\"image\":{\"@id\":\"https:\\\/\\\/www.atrima.cz\\\/de\\\/mehr-ueber-uns\\\/grant-programs\\\/#primaryimage\"},\"thumbnailUrl\":\"https:\\\/\\\/www.atrima.cz\\\/wp-content\\\/uploads\\\/2021\\\/10\\\/IMG_20210630_120426-2-1-scaled.jpg\",\"datePublished\":\"2017-11-20T11:56:56+00:00\",\"dateModified\":\"2021-05-10T12:11:08+00:00\",\"breadcrumb\":{\"@id\":\"https:\\\/\\\/www.atrima.cz\\\/de\\\/mehr-ueber-uns\\\/grant-programs\\\/#breadcrumb\"},\"inLanguage\":\"de\",\"potentialAction\":[{\"@type\":\"ReadAction\",\"target\":[\"https:\\\/\\\/www.atrima.cz\\\/de\\\/mehr-ueber-uns\\\/grant-programs\\\/\"]}]},{\"@type\":\"ImageObject\",\"inLanguage\":\"de\",\"@id\":\"https:\\\/\\\/www.atrima.cz\\\/de\\\/mehr-ueber-uns\\\/grant-programs\\\/#primaryimage\",\"url\":\"https:\\\/\\\/www.atrima.cz\\\/wp-content\\\/uploads\\\/2021\\\/10\\\/IMG_20210630_120426-2-1-scaled.jpg\",\"contentUrl\":\"https:\\\/\\\/www.atrima.cz\\\/wp-content\\\/uploads\\\/2021\\\/10\\\/IMG_20210630_120426-2-1-scaled.jpg\",\"width\":1920,\"height\":1191,\"caption\":\"Hob\u017ea komprese\"},{\"@type\":\"BreadcrumbList\",\"@id\":\"https:\\\/\\\/www.atrima.cz\\\/de\\\/mehr-ueber-uns\\\/grant-programs\\\/#breadcrumb\",\"itemListElement\":[{\"@type\":\"ListItem\",\"position\":1,\"name\":\"Dom\u016f\",\"item\":\"https:\\\/\\\/www.atrima.cz\\\/de\\\/\"},{\"@type\":\"ListItem\",\"position\":2,\"name\":\"Mehr \u00fcber uns\",\"item\":\"https:\\\/\\\/www.atrima.cz\\\/de\\\/mehr-ueber-uns\\\/\"},{\"@type\":\"ListItem\",\"position\":3,\"name\":\"Grant programs\"}]},{\"@type\":\"WebSite\",\"@id\":\"https:\\\/\\\/www.atrima.cz\\\/#website\",\"url\":\"https:\\\/\\\/www.atrima.cz\\\/\",\"name\":\"Atrima spol. s r.o.\",\"description\":\"Spole\u010dnost Atrima se \u00fasp\u011b\u0161n\u011b zam\u011b\u0159uje na v\u00fdvoj, v\u00fdrobu a  realizaci individu\u00e1ln\u00edch manipula\u010dn\u00edch a  dopravn\u00edch za\u0159\u00edzen\u00ed, kter\u00e1 zefektivn\u00ed v\u00fdrobu. Ned\u00edlnou sou\u010d\u00e1st\u00ed dodan\u00e9ho za\u0159\u00edzen\u00ed je i  servis.\",\"potentialAction\":[{\"@type\":\"SearchAction\",\"target\":{\"@type\":\"EntryPoint\",\"urlTemplate\":\"https:\\\/\\\/www.atrima.cz\\\/?s={search_term_string}\"},\"query-input\":{\"@type\":\"PropertyValueSpecification\",\"valueRequired\":true,\"valueName\":\"search_term_string\"}}],\"inLanguage\":\"de\"}]}<\/script>\n<!-- \/ Yoast SEO plugin. -->","yoast_head_json":{"title":"Grant programs - Atrima spol. s r.o.","robots":{"index":"index","follow":"follow","max-snippet":"max-snippet:-1","max-image-preview":"max-image-preview:large","max-video-preview":"max-video-preview:-1"},"canonical":"https:\/\/www.atrima.cz\/de\/mehr-ueber-uns\/grant-programs\/","og_locale":"de_DE","og_type":"article","og_title":"Grant programs - Atrima spol. s r.o.","og_description":"Atrima ist sich der Bedeutung der Umwelt bewusst, weshalb es an der Aufforderung des Umweltministeriums 9\/2019 teilnahm: \u201eWir setzen auf die Zukunft\u201c, um das Gr\u00fcn in St\u00e4dten und Gemeinden zu unterst\u00fctzen. Im Rahmen dieses Aufrufs pflanzte das Unternehmen Atrima 8 bereits ausgewachsene Laubb\u00e4ume in der Podhr\u00e1z\u00ed-Stra\u00dfe vor seinem Gel\u00e4nde. Das Projekt wurde unter Beteiligung des...","og_url":"https:\/\/www.atrima.cz\/de\/mehr-ueber-uns\/grant-programs\/","og_site_name":"Atrima spol. s r.o.","article_publisher":"https:\/\/www.facebook.com\/Atrima2022\/","article_modified_time":"2021-05-10T12:11:08+00:00","og_image":[{"width":436,"height":246,"url":"https:\/\/www.atrima.cz\/wp-content\/uploads\/2017\/10\/engineering.jpg","type":"image\/jpeg"}],"twitter_card":"summary_large_image","twitter_misc":{"Gesch\u00e4tzte Lesezeit":"4\u00a0Minuten"},"schema":{"@context":"https:\/\/schema.org","@graph":[{"@type":"WebPage","@id":"https:\/\/www.atrima.cz\/de\/mehr-ueber-uns\/grant-programs\/","url":"https:\/\/www.atrima.cz\/de\/mehr-ueber-uns\/grant-programs\/","name":"Grant programs - Atrima spol. s r.o.","isPartOf":{"@id":"https:\/\/www.atrima.cz\/#website"},"primaryImageOfPage":{"@id":"https:\/\/www.atrima.cz\/de\/mehr-ueber-uns\/grant-programs\/#primaryimage"},"image":{"@id":"https:\/\/www.atrima.cz\/de\/mehr-ueber-uns\/grant-programs\/#primaryimage"},"thumbnailUrl":"https:\/\/www.atrima.cz\/wp-content\/uploads\/2021\/10\/IMG_20210630_120426-2-1-scaled.jpg","datePublished":"2017-11-20T11:56:56+00:00","dateModified":"2021-05-10T12:11:08+00:00","breadcrumb":{"@id":"https:\/\/www.atrima.cz\/de\/mehr-ueber-uns\/grant-programs\/#breadcrumb"},"inLanguage":"de","potentialAction":[{"@type":"ReadAction","target":["https:\/\/www.atrima.cz\/de\/mehr-ueber-uns\/grant-programs\/"]}]},{"@type":"ImageObject","inLanguage":"de","@id":"https:\/\/www.atrima.cz\/de\/mehr-ueber-uns\/grant-programs\/#primaryimage","url":"https:\/\/www.atrima.cz\/wp-content\/uploads\/2021\/10\/IMG_20210630_120426-2-1-scaled.jpg","contentUrl":"https:\/\/www.atrima.cz\/wp-content\/uploads\/2021\/10\/IMG_20210630_120426-2-1-scaled.jpg","width":1920,"height":1191,"caption":"Hob\u017ea komprese"},{"@type":"BreadcrumbList","@id":"https:\/\/www.atrima.cz\/de\/mehr-ueber-uns\/grant-programs\/#breadcrumb","itemListElement":[{"@type":"ListItem","position":1,"name":"Dom\u016f","item":"https:\/\/www.atrima.cz\/de\/"},{"@type":"ListItem","position":2,"name":"Mehr \u00fcber uns","item":"https:\/\/www.atrima.cz\/de\/mehr-ueber-uns\/"},{"@type":"ListItem","position":3,"name":"Grant programs"}]},{"@type":"WebSite","@id":"https:\/\/www.atrima.cz\/#website","url":"https:\/\/www.atrima.cz\/","name":"Atrima spol. s r.o.","description":"Spole\u010dnost Atrima se \u00fasp\u011b\u0161n\u011b zam\u011b\u0159uje na v\u00fdvoj, v\u00fdrobu a  realizaci individu\u00e1ln\u00edch manipula\u010dn\u00edch a  dopravn\u00edch za\u0159\u00edzen\u00ed, kter\u00e1 zefektivn\u00ed v\u00fdrobu. Ned\u00edlnou sou\u010d\u00e1st\u00ed dodan\u00e9ho za\u0159\u00edzen\u00ed je i  servis.","potentialAction":[{"@type":"SearchAction","target":{"@type":"EntryPoint","urlTemplate":"https:\/\/www.atrima.cz\/?s={search_term_string}"},"query-input":{"@type":"PropertyValueSpecification","valueRequired":true,"valueName":"search_term_string"}}],"inLanguage":"de"}]}},"_links":{"self":[{"href":"https:\/\/www.atrima.cz\/de\/wp-json\/wp\/v2\/pages\/1281","targetHints":{"allow":["GET"]}}],"collection":[{"href":"https:\/\/www.atrima.cz\/de\/wp-json\/wp\/v2\/pages"}],"about":[{"href":"https:\/\/www.atrima.cz\/de\/wp-json\/wp\/v2\/types\/page"}],"author":[{"embeddable":true,"href":"https:\/\/www.atrima.cz\/de\/wp-json\/wp\/v2\/users\/2"}],"replies":[{"embeddable":true,"href":"https:\/\/www.atrima.cz\/de\/wp-json\/wp\/v2\/comments?post=1281"}],"version-history":[{"count":0,"href":"https:\/\/www.atrima.cz\/de\/wp-json\/wp\/v2\/pages\/1281\/revisions"}],"up":[{"embeddable":true,"href":"https:\/\/www.atrima.cz\/de\/wp-json\/wp\/v2\/pages\/112"}],"wp:featuredmedia":[{"embeddable":true,"href":"https:\/\/www.atrima.cz\/de\/wp-json\/wp\/v2\/media\/4311"}],"wp:attachment":[{"href":"https:\/\/www.atrima.cz\/de\/wp-json\/wp\/v2\/media?parent=1281"}],"curies":[{"name":"wp","href":"https:\/\/api.w.org\/{rel}","templated":true}]}}