{"id":1279,"date":"2017-11-20T14:25:01","date_gmt":"2017-11-20T13:25:01","guid":{"rendered":"http:\/\/atrima.cz.uvirt64.active24.cz\/?page_id=1279"},"modified":"2020-06-26T10:09:18","modified_gmt":"2020-06-26T08:09:18","slug":"geschichte","status":"publish","type":"page","link":"https:\/\/www.atrima.cz\/de\/mehr-ueber-uns\/geschichte\/","title":{"rendered":"Geschichte"},"content":{"rendered":"<h2>ATRIMA spol. s\u00a0r.\u00a0o.<\/h2>\n<h3>2005<\/h3>\n<p>Wurde die Firma von drei Teilhabern mit langj\u00e4hriger Erfahrung im Bereich der Palettierung,<br \/>\nF\u00f6rdertechnik und Manipulationstechnik gegr\u00fcndet. Seit der Gr\u00fcndung w\u00e4chst die Firma dynamisch.<br \/>\nZum heutigen Tage sorgen 39 fest eingestellte Mittarbeiter f\u00fcr die Zufriedenheit der Kunden aus der ganzen Welt.<\/p>\n<p><img loading=\"lazy\" decoding=\"async\" class=\"size-medium wp-image-1226 alignnone\" src=\"https:\/\/www.atrima.cz\/wp-content\/themes\/atrima\/kt\/core\/images\/transparent.png\" data-src=\"https:\/\/www.atrima.cz\/wp-content\/uploads\/2017\/11\/atrima-old-300x225.jpg\" alt=\"\" width=\"300\" height=\"225\" \/>\u00a0<img loading=\"lazy\" decoding=\"async\" class=\"size-medium wp-image-1229 alignnone\" src=\"https:\/\/www.atrima.cz\/wp-content\/themes\/atrima\/kt\/core\/images\/transparent.png\" data-src=\"https:\/\/www.atrima.cz\/wp-content\/uploads\/2017\/11\/atrima-2-old-300x284.jpg\" alt=\"\" width=\"300\" height=\"284\" \/><\/p>\n<h3>2012<\/h3>\n<p>Haben wir das Logo und unsere Web-Seiten modernisiert.<\/p>\n<p><img loading=\"lazy\" decoding=\"async\" class=\"alignnone size-medium wp-image-1238\" src=\"https:\/\/www.atrima.cz\/wp-content\/themes\/atrima\/kt\/core\/images\/transparent.png\" data-src=\"https:\/\/www.atrima.cz\/wp-content\/uploads\/2017\/11\/atrimaweb-293x300.jpg\" alt=\"\" width=\"293\" height=\"300\" srcset=\"https:\/\/www.atrima.cz\/wp-content\/uploads\/2017\/11\/atrimaweb-293x300.jpg 293w, https:\/\/www.atrima.cz\/wp-content\/uploads\/2017\/11\/atrimaweb.jpg 300w\" sizes=\"auto, (max-width: 293px) 100vw, 293px\" \/><\/p>\n<p>Wir zogen in neue Geb\u00e4ude.<\/p>\n<p><img loading=\"lazy\" decoding=\"async\" class=\"alignnone size-medium wp-image-1235\" src=\"https:\/\/www.atrima.cz\/wp-content\/themes\/atrima\/kt\/core\/images\/transparent.png\" data-src=\"https:\/\/www.atrima.cz\/wp-content\/uploads\/2017\/11\/atrimabudova2-300x225.jpg\" alt=\"\" width=\"300\" height=\"225\" \/>\u00a0<img loading=\"lazy\" decoding=\"async\" class=\"alignnone size-medium wp-image-1232\" src=\"https:\/\/www.atrima.cz\/wp-content\/themes\/atrima\/kt\/core\/images\/transparent.png\" data-src=\"https:\/\/www.atrima.cz\/wp-content\/uploads\/2017\/11\/atrimabudova-300x201.jpg\" alt=\"\" width=\"300\" height=\"201\" \/><\/p>\n<p>&nbsp;<\/p>\n<h3>2017<\/h3>\n<p>Das Unternehmen besch\u00e4ftigt 47 Mitarbeiter.<\/p>\n<p>Wir erstellen f\u00fcr Sie neue Unternehmensdrucke, eine neue responsive Website und ein Upgrade Firmenlogo.<\/p>\n<p><img loading=\"lazy\" decoding=\"async\" class=\"alignnone size-medium wp-image-1783\" src=\"https:\/\/www.atrima.cz\/wp-content\/themes\/atrima\/kt\/core\/images\/transparent.png\" data-src=\"https:\/\/www.atrima.cz\/wp-content\/uploads\/2018\/02\/papiry-300x200.jpg\" alt=\"\" width=\"300\" height=\"200\" srcset=\"https:\/\/www.atrima.cz\/wp-content\/uploads\/2018\/02\/papiry-300x200.jpg 300w, https:\/\/www.atrima.cz\/wp-content\/uploads\/2018\/02\/papiry-768x512.jpg 768w, https:\/\/www.atrima.cz\/wp-content\/uploads\/2018\/02\/papiry-1024x683.jpg 1024w\" sizes=\"auto, (max-width: 300px) 100vw, 300px\" \/>\u00a0<img loading=\"lazy\" decoding=\"async\" class=\"alignnone size-medium wp-image-1792\" src=\"https:\/\/www.atrima.cz\/wp-content\/themes\/atrima\/kt\/core\/images\/transparent.png\" data-src=\"https:\/\/www.atrima.cz\/wp-content\/uploads\/2018\/02\/web-responsive-300x200.jpg\" alt=\"\" width=\"300\" height=\"200\" srcset=\"https:\/\/www.atrima.cz\/wp-content\/uploads\/2018\/02\/web-responsive-300x200.jpg 300w, https:\/\/www.atrima.cz\/wp-content\/uploads\/2018\/02\/web-responsive-768x512.jpg 768w, https:\/\/www.atrima.cz\/wp-content\/uploads\/2018\/02\/web-responsive-1024x683.jpg 1024w, https:\/\/www.atrima.cz\/wp-content\/uploads\/2018\/02\/web-responsive.jpg 1200w\" sizes=\"auto, (max-width: 300px) 100vw, 300px\" \/>\u00a0<img loading=\"lazy\" decoding=\"async\" class=\"alignnone size-medium wp-image-1786\" src=\"https:\/\/www.atrima.cz\/wp-content\/themes\/atrima\/kt\/core\/images\/transparent.png\" data-src=\"https:\/\/www.atrima.cz\/wp-content\/uploads\/2018\/02\/projektor-294x300.jpg\" alt=\"\" width=\"294\" height=\"300\" srcset=\"https:\/\/www.atrima.cz\/wp-content\/uploads\/2018\/02\/projektor-294x300.jpg 294w, https:\/\/www.atrima.cz\/wp-content\/uploads\/2018\/02\/projektor-768x783.jpg 768w, https:\/\/www.atrima.cz\/wp-content\/uploads\/2018\/02\/projektor.jpg 1000w\" sizes=\"auto, (max-width: 294px) 100vw, 294px\" \/><\/p>\n<p><strong>2018<\/strong><\/p>\n<p>Wir setzen unsere Autos in Unternehmensgrafiken und Logos.<\/p>\n<p><img loading=\"lazy\" decoding=\"async\" class=\"alignnone size-medium wp-image-2262\" src=\"https:\/\/www.atrima.cz\/wp-content\/themes\/atrima\/kt\/core\/images\/transparent.png\" data-src=\"https:\/\/www.atrima.cz\/wp-content\/uploads\/2018\/10\/Auta-polepy-004-300x225.jpg\" alt=\"\" width=\"300\" height=\"225\" srcset=\"https:\/\/www.atrima.cz\/wp-content\/uploads\/2018\/10\/Auta-polepy-004-300x225.jpg 300w, https:\/\/www.atrima.cz\/wp-content\/uploads\/2018\/10\/Auta-polepy-004-768x576.jpg 768w, https:\/\/www.atrima.cz\/wp-content\/uploads\/2018\/10\/Auta-polepy-004-1024x768.jpg 1024w\" sizes=\"auto, (max-width: 300px) 100vw, 300px\" \/>\u00a0<img loading=\"lazy\" decoding=\"async\" class=\"alignnone size-medium wp-image-2268\" src=\"https:\/\/www.atrima.cz\/wp-content\/themes\/atrima\/kt\/core\/images\/transparent.png\" data-src=\"https:\/\/www.atrima.cz\/wp-content\/uploads\/2018\/10\/Auta-polepy-001-300x225.jpg\" alt=\"\" width=\"300\" height=\"225\" srcset=\"https:\/\/www.atrima.cz\/wp-content\/uploads\/2018\/10\/Auta-polepy-001-300x225.jpg 300w, https:\/\/www.atrima.cz\/wp-content\/uploads\/2018\/10\/Auta-polepy-001-768x576.jpg 768w, https:\/\/www.atrima.cz\/wp-content\/uploads\/2018\/10\/Auta-polepy-001-1024x768.jpg 1024w\" sizes=\"auto, (max-width: 300px) 100vw, 300px\" \/>\u00a0<img loading=\"lazy\" decoding=\"async\" class=\"alignnone size-medium wp-image-2271\" src=\"https:\/\/www.atrima.cz\/wp-content\/themes\/atrima\/kt\/core\/images\/transparent.png\" data-src=\"https:\/\/www.atrima.cz\/wp-content\/uploads\/2018\/10\/Auta-polepy-2018-001-300x225.jpg\" alt=\"\" width=\"300\" height=\"225\" srcset=\"https:\/\/www.atrima.cz\/wp-content\/uploads\/2018\/10\/Auta-polepy-2018-001-300x225.jpg 300w, https:\/\/www.atrima.cz\/wp-content\/uploads\/2018\/10\/Auta-polepy-2018-001-768x576.jpg 768w, https:\/\/www.atrima.cz\/wp-content\/uploads\/2018\/10\/Auta-polepy-2018-001-1024x768.jpg 1024w\" sizes=\"auto, (max-width: 300px) 100vw, 300px\" \/>\u00a0<img loading=\"lazy\" decoding=\"async\" class=\"alignnone size-medium wp-image-2286\" src=\"https:\/\/www.atrima.cz\/wp-content\/themes\/atrima\/kt\/core\/images\/transparent.png\" data-src=\"https:\/\/www.atrima.cz\/wp-content\/uploads\/2018\/10\/Auta-polepy-2018-014-300x225.jpg\" alt=\"\" width=\"300\" height=\"225\" srcset=\"https:\/\/www.atrima.cz\/wp-content\/uploads\/2018\/10\/Auta-polepy-2018-014-300x225.jpg 300w, https:\/\/www.atrima.cz\/wp-content\/uploads\/2018\/10\/Auta-polepy-2018-014-768x576.jpg 768w, https:\/\/www.atrima.cz\/wp-content\/uploads\/2018\/10\/Auta-polepy-2018-014-1024x768.jpg 1024w\" sizes=\"auto, (max-width: 300px) 100vw, 300px\" \/><\/p>\n<p><strong>2020<\/strong><\/p>\n<p>Das Unternehmen Atrima zieht in ein eigenes Geb\u00e4ude in \u0160akvice in der Podhr\u00e1z\u00ed-Stra\u00dfe um.<\/p>\n<p><img loading=\"lazy\" decoding=\"async\" class=\"alignnone size-medium wp-image-3689\" src=\"https:\/\/www.atrima.cz\/wp-content\/themes\/atrima\/kt\/core\/images\/transparent.png\" data-src=\"https:\/\/www.atrima.cz\/wp-content\/uploads\/2020\/06\/DSCN7778-300x222.jpg\" alt=\"\" width=\"300\" height=\"222\" srcset=\"https:\/\/www.atrima.cz\/wp-content\/uploads\/2020\/06\/DSCN7778-300x222.jpg 300w, https:\/\/www.atrima.cz\/wp-content\/uploads\/2020\/06\/DSCN7778-768x570.jpg 768w, https:\/\/www.atrima.cz\/wp-content\/uploads\/2020\/06\/DSCN7778.jpg 1006w\" sizes=\"auto, (max-width: 300px) 100vw, 300px\" \/> <img loading=\"lazy\" decoding=\"async\" class=\"alignnone size-medium wp-image-3686\" src=\"https:\/\/www.atrima.cz\/wp-content\/uploads\/2020\/06\/hala-\u0160akvice-300x216.jpg\" alt=\"\" width=\"300\" height=\"216\" srcset=\"https:\/\/www.atrima.cz\/wp-content\/uploads\/2020\/06\/hala-\u0160akvice-300x216.jpg 300w, https:\/\/www.atrima.cz\/wp-content\/uploads\/2020\/06\/hala-\u0160akvice-768x553.jpg 768w, https:\/\/www.atrima.cz\/wp-content\/uploads\/2020\/06\/hala-\u0160akvice.jpg 990w\" sizes=\"auto, (max-width: 300px) 100vw, 300px\" \/> <img loading=\"lazy\" decoding=\"async\" class=\"alignnone size-medium wp-image-3717\" src=\"https:\/\/www.atrima.cz\/wp-content\/themes\/atrima\/kt\/core\/images\/transparent.png\" data-src=\"https:\/\/www.atrima.cz\/wp-content\/uploads\/2020\/06\/DSCN7852-300x225.jpg\" alt=\"\" width=\"300\" height=\"225\" srcset=\"https:\/\/www.atrima.cz\/wp-content\/uploads\/2020\/06\/DSCN7852-300x225.jpg 300w, https:\/\/www.atrima.cz\/wp-content\/uploads\/2020\/06\/DSCN7852-768x576.jpg 768w, https:\/\/www.atrima.cz\/wp-content\/uploads\/2020\/06\/DSCN7852.jpg 1024w\" sizes=\"auto, (max-width: 300px) 100vw, 300px\" \/><\/p>\n<p>Auf dem gro\u00dfen Gebiet gibt es ein B\u00fcrogeb\u00e4ude und drei separate Produktionshallen.<\/p>\n<p><img loading=\"lazy\" decoding=\"async\" class=\"alignnone size-medium wp-image-3692\" src=\"https:\/\/www.atrima.cz\/wp-content\/themes\/atrima\/kt\/core\/images\/transparent.png\" data-src=\"https:\/\/www.atrima.cz\/wp-content\/uploads\/2020\/06\/IMG_20200511_095535_HDR-300x225.jpg\" alt=\"\" width=\"300\" height=\"225\" srcset=\"https:\/\/www.atrima.cz\/wp-content\/uploads\/2020\/06\/IMG_20200511_095535_HDR-300x225.jpg 300w, https:\/\/www.atrima.cz\/wp-content\/uploads\/2020\/06\/IMG_20200511_095535_HDR-1024x768.jpg 1024w, https:\/\/www.atrima.cz\/wp-content\/uploads\/2020\/06\/IMG_20200511_095535_HDR-768x576.jpg 768w, https:\/\/www.atrima.cz\/wp-content\/uploads\/2020\/06\/IMG_20200511_095535_HDR-1536x1152.jpg 1536w, https:\/\/www.atrima.cz\/wp-content\/uploads\/2020\/06\/IMG_20200511_095535_HDR-2048x1536.jpg 2048w, https:\/\/www.atrima.cz\/wp-content\/uploads\/2020\/06\/IMG_20200511_095535_HDR-scaled.jpg 1920w\" sizes=\"auto, (max-width: 300px) 100vw, 300px\" \/> <img loading=\"lazy\" decoding=\"async\" class=\"alignnone size-medium wp-image-3698\" src=\"https:\/\/www.atrima.cz\/wp-content\/themes\/atrima\/kt\/core\/images\/transparent.png\" data-src=\"https:\/\/www.atrima.cz\/wp-content\/uploads\/2020\/06\/IMG_20200511_103853_HDR-300x225.jpg\" alt=\"\" width=\"300\" height=\"225\" srcset=\"https:\/\/www.atrima.cz\/wp-content\/uploads\/2020\/06\/IMG_20200511_103853_HDR-300x225.jpg 300w, https:\/\/www.atrima.cz\/wp-content\/uploads\/2020\/06\/IMG_20200511_103853_HDR-1024x768.jpg 1024w, https:\/\/www.atrima.cz\/wp-content\/uploads\/2020\/06\/IMG_20200511_103853_HDR-768x576.jpg 768w, https:\/\/www.atrima.cz\/wp-content\/uploads\/2020\/06\/IMG_20200511_103853_HDR-1536x1152.jpg 1536w, https:\/\/www.atrima.cz\/wp-content\/uploads\/2020\/06\/IMG_20200511_103853_HDR-2048x1536.jpg 2048w, https:\/\/www.atrima.cz\/wp-content\/uploads\/2020\/06\/IMG_20200511_103853_HDR-scaled.jpg 1920w\" sizes=\"auto, (max-width: 300px) 100vw, 300px\" \/><img loading=\"lazy\" decoding=\"async\" class=\"alignnone size-medium wp-image-3695\" src=\"https:\/\/www.atrima.cz\/wp-content\/themes\/atrima\/kt\/core\/images\/transparent.png\" data-src=\"https:\/\/www.atrima.cz\/wp-content\/uploads\/2020\/06\/IMG_20200511_100209_HDR-300x225.jpg\" alt=\"\" width=\"300\" height=\"225\" srcset=\"https:\/\/www.atrima.cz\/wp-content\/uploads\/2020\/06\/IMG_20200511_100209_HDR-300x225.jpg 300w, https:\/\/www.atrima.cz\/wp-content\/uploads\/2020\/06\/IMG_20200511_100209_HDR-1024x768.jpg 1024w, https:\/\/www.atrima.cz\/wp-content\/uploads\/2020\/06\/IMG_20200511_100209_HDR-768x576.jpg 768w, https:\/\/www.atrima.cz\/wp-content\/uploads\/2020\/06\/IMG_20200511_100209_HDR-1536x1152.jpg 1536w, https:\/\/www.atrima.cz\/wp-content\/uploads\/2020\/06\/IMG_20200511_100209_HDR-2048x1536.jpg 2048w, https:\/\/www.atrima.cz\/wp-content\/uploads\/2020\/06\/IMG_20200511_100209_HDR-scaled.jpg 1920w\" sizes=\"auto, (max-width: 300px) 100vw, 300px\" \/> <img loading=\"lazy\" decoding=\"async\" class=\"alignnone size-medium wp-image-3714\" src=\"https:\/\/www.atrima.cz\/wp-content\/themes\/atrima\/kt\/core\/images\/transparent.png\" data-src=\"https:\/\/www.atrima.cz\/wp-content\/uploads\/2020\/06\/DSCN7846-300x225.jpg\" alt=\"\" width=\"300\" height=\"225\" srcset=\"https:\/\/www.atrima.cz\/wp-content\/uploads\/2020\/06\/DSCN7846-300x225.jpg 300w, https:\/\/www.atrima.cz\/wp-content\/uploads\/2020\/06\/DSCN7846-768x576.jpg 768w, https:\/\/www.atrima.cz\/wp-content\/uploads\/2020\/06\/DSCN7846.jpg 981w\" sizes=\"auto, (max-width: 300px) 100vw, 300px\" \/><\/p>\n","protected":false},"excerpt":{"rendered":"<p>ATRIMA spol. s\u00a0r.\u00a0o. 2005 Wurde die Firma von drei Teilhabern mit langj\u00e4hriger Erfahrung im Bereich der Palettierung, F\u00f6rdertechnik und Manipulationstechnik gegr\u00fcndet. Seit der Gr\u00fcndung w\u00e4chst die Firma dynamisch. Zum heutigen Tage sorgen 39 fest eingestellte Mittarbeiter f\u00fcr die Zufriedenheit der Kunden aus der ganzen Welt. \u00a0 2012 Haben wir das Logo und unsere Web-Seiten modernisiert&#8230;.<\/p>\n","protected":false},"author":2,"featured_media":0,"parent":112,"menu_order":0,"comment_status":"closed","ping_status":"closed","template":"","meta":{"_monsterinsights_skip_tracking":false,"_monsterinsights_sitenote_active":false,"_monsterinsights_sitenote_note":"","_monsterinsights_sitenote_category":0,"footnotes":""},"class_list":["post-1279","page","type-page","status-publish","hentry"],"yoast_head":"<!-- This site is optimized with the Yoast SEO plugin v27.4 - https:\/\/yoast.com\/product\/yoast-seo-wordpress\/ -->\n<title>Geschichte - Atrima spol. s r.o.<\/title>\n<meta name=\"robots\" content=\"index, follow, max-snippet:-1, max-image-preview:large, max-video-preview:-1\" \/>\n<link rel=\"canonical\" href=\"https:\/\/www.atrima.cz\/de\/mehr-ueber-uns\/geschichte\/\" \/>\n<meta property=\"og:locale\" content=\"de_DE\" \/>\n<meta property=\"og:type\" content=\"article\" \/>\n<meta property=\"og:title\" content=\"Geschichte - Atrima spol. s r.o.\" \/>\n<meta property=\"og:description\" content=\"ATRIMA spol. s\u00a0r.\u00a0o. 2005 Wurde die Firma von drei Teilhabern mit langj\u00e4hriger Erfahrung im Bereich der Palettierung, F\u00f6rdertechnik und Manipulationstechnik gegr\u00fcndet. Seit der Gr\u00fcndung w\u00e4chst die Firma dynamisch. Zum heutigen Tage sorgen 39 fest eingestellte Mittarbeiter f\u00fcr die Zufriedenheit der Kunden aus der ganzen Welt. \u00a0 2012 Haben wir das Logo und unsere Web-Seiten modernisiert....\" \/>\n<meta property=\"og:url\" content=\"https:\/\/www.atrima.cz\/de\/mehr-ueber-uns\/geschichte\/\" \/>\n<meta property=\"og:site_name\" content=\"Atrima spol. s r.o.\" \/>\n<meta property=\"article:publisher\" content=\"https:\/\/www.facebook.com\/Atrima2022\/\" \/>\n<meta property=\"article:modified_time\" content=\"2020-06-26T08:09:18+00:00\" \/>\n<meta property=\"og:image\" content=\"https:\/\/www.atrima.cz\/wp-content\/uploads\/2017\/11\/atrima-old-300x225.jpg\" \/>\n<meta name=\"twitter:card\" content=\"summary_large_image\" \/>\n<meta name=\"twitter:label1\" content=\"Gesch\u00e4tzte Lesezeit\" \/>\n\t<meta name=\"twitter:data1\" content=\"1\u00a0Minute\" \/>\n<script type=\"application\/ld+json\" class=\"yoast-schema-graph\">{\"@context\":\"https:\\\/\\\/schema.org\",\"@graph\":[{\"@type\":\"WebPage\",\"@id\":\"https:\\\/\\\/www.atrima.cz\\\/de\\\/mehr-ueber-uns\\\/geschichte\\\/\",\"url\":\"https:\\\/\\\/www.atrima.cz\\\/de\\\/mehr-ueber-uns\\\/geschichte\\\/\",\"name\":\"Geschichte - Atrima spol. s r.o.\",\"isPartOf\":{\"@id\":\"https:\\\/\\\/www.atrima.cz\\\/#website\"},\"primaryImageOfPage\":{\"@id\":\"https:\\\/\\\/www.atrima.cz\\\/de\\\/mehr-ueber-uns\\\/geschichte\\\/#primaryimage\"},\"image\":{\"@id\":\"https:\\\/\\\/www.atrima.cz\\\/de\\\/mehr-ueber-uns\\\/geschichte\\\/#primaryimage\"},\"thumbnailUrl\":\"https:\\\/\\\/www.atrima.cz\\\/wp-content\\\/uploads\\\/2017\\\/11\\\/atrima-old-300x225.jpg\",\"datePublished\":\"2017-11-20T13:25:01+00:00\",\"dateModified\":\"2020-06-26T08:09:18+00:00\",\"breadcrumb\":{\"@id\":\"https:\\\/\\\/www.atrima.cz\\\/de\\\/mehr-ueber-uns\\\/geschichte\\\/#breadcrumb\"},\"inLanguage\":\"de\",\"potentialAction\":[{\"@type\":\"ReadAction\",\"target\":[\"https:\\\/\\\/www.atrima.cz\\\/de\\\/mehr-ueber-uns\\\/geschichte\\\/\"]}]},{\"@type\":\"ImageObject\",\"inLanguage\":\"de\",\"@id\":\"https:\\\/\\\/www.atrima.cz\\\/de\\\/mehr-ueber-uns\\\/geschichte\\\/#primaryimage\",\"url\":\"https:\\\/\\\/www.atrima.cz\\\/wp-content\\\/uploads\\\/2017\\\/11\\\/atrima-old-300x225.jpg\",\"contentUrl\":\"https:\\\/\\\/www.atrima.cz\\\/wp-content\\\/uploads\\\/2017\\\/11\\\/atrima-old-300x225.jpg\"},{\"@type\":\"BreadcrumbList\",\"@id\":\"https:\\\/\\\/www.atrima.cz\\\/de\\\/mehr-ueber-uns\\\/geschichte\\\/#breadcrumb\",\"itemListElement\":[{\"@type\":\"ListItem\",\"position\":1,\"name\":\"Dom\u016f\",\"item\":\"https:\\\/\\\/www.atrima.cz\\\/de\\\/\"},{\"@type\":\"ListItem\",\"position\":2,\"name\":\"Mehr \u00fcber uns\",\"item\":\"https:\\\/\\\/www.atrima.cz\\\/de\\\/mehr-ueber-uns\\\/\"},{\"@type\":\"ListItem\",\"position\":3,\"name\":\"Geschichte\"}]},{\"@type\":\"WebSite\",\"@id\":\"https:\\\/\\\/www.atrima.cz\\\/#website\",\"url\":\"https:\\\/\\\/www.atrima.cz\\\/\",\"name\":\"Atrima spol. s r.o.\",\"description\":\"Spole\u010dnost Atrima se \u00fasp\u011b\u0161n\u011b zam\u011b\u0159uje na v\u00fdvoj, v\u00fdrobu a  realizaci individu\u00e1ln\u00edch manipula\u010dn\u00edch a  dopravn\u00edch za\u0159\u00edzen\u00ed, kter\u00e1 zefektivn\u00ed v\u00fdrobu. Ned\u00edlnou sou\u010d\u00e1st\u00ed dodan\u00e9ho za\u0159\u00edzen\u00ed je i  servis.\",\"potentialAction\":[{\"@type\":\"SearchAction\",\"target\":{\"@type\":\"EntryPoint\",\"urlTemplate\":\"https:\\\/\\\/www.atrima.cz\\\/?s={search_term_string}\"},\"query-input\":{\"@type\":\"PropertyValueSpecification\",\"valueRequired\":true,\"valueName\":\"search_term_string\"}}],\"inLanguage\":\"de\"}]}<\/script>\n<!-- \/ Yoast SEO plugin. -->","yoast_head_json":{"title":"Geschichte - Atrima spol. s r.o.","robots":{"index":"index","follow":"follow","max-snippet":"max-snippet:-1","max-image-preview":"max-image-preview:large","max-video-preview":"max-video-preview:-1"},"canonical":"https:\/\/www.atrima.cz\/de\/mehr-ueber-uns\/geschichte\/","og_locale":"de_DE","og_type":"article","og_title":"Geschichte - Atrima spol. s r.o.","og_description":"ATRIMA spol. s\u00a0r.\u00a0o. 2005 Wurde die Firma von drei Teilhabern mit langj\u00e4hriger Erfahrung im Bereich der Palettierung, F\u00f6rdertechnik und Manipulationstechnik gegr\u00fcndet. Seit der Gr\u00fcndung w\u00e4chst die Firma dynamisch. Zum heutigen Tage sorgen 39 fest eingestellte Mittarbeiter f\u00fcr die Zufriedenheit der Kunden aus der ganzen Welt. \u00a0 2012 Haben wir das Logo und unsere Web-Seiten modernisiert....","og_url":"https:\/\/www.atrima.cz\/de\/mehr-ueber-uns\/geschichte\/","og_site_name":"Atrima spol. s r.o.","article_publisher":"https:\/\/www.facebook.com\/Atrima2022\/","article_modified_time":"2020-06-26T08:09:18+00:00","og_image":[{"url":"https:\/\/www.atrima.cz\/wp-content\/uploads\/2017\/11\/atrima-old-300x225.jpg","type":"","width":"","height":""}],"twitter_card":"summary_large_image","twitter_misc":{"Gesch\u00e4tzte Lesezeit":"1\u00a0Minute"},"schema":{"@context":"https:\/\/schema.org","@graph":[{"@type":"WebPage","@id":"https:\/\/www.atrima.cz\/de\/mehr-ueber-uns\/geschichte\/","url":"https:\/\/www.atrima.cz\/de\/mehr-ueber-uns\/geschichte\/","name":"Geschichte - Atrima spol. s r.o.","isPartOf":{"@id":"https:\/\/www.atrima.cz\/#website"},"primaryImageOfPage":{"@id":"https:\/\/www.atrima.cz\/de\/mehr-ueber-uns\/geschichte\/#primaryimage"},"image":{"@id":"https:\/\/www.atrima.cz\/de\/mehr-ueber-uns\/geschichte\/#primaryimage"},"thumbnailUrl":"https:\/\/www.atrima.cz\/wp-content\/uploads\/2017\/11\/atrima-old-300x225.jpg","datePublished":"2017-11-20T13:25:01+00:00","dateModified":"2020-06-26T08:09:18+00:00","breadcrumb":{"@id":"https:\/\/www.atrima.cz\/de\/mehr-ueber-uns\/geschichte\/#breadcrumb"},"inLanguage":"de","potentialAction":[{"@type":"ReadAction","target":["https:\/\/www.atrima.cz\/de\/mehr-ueber-uns\/geschichte\/"]}]},{"@type":"ImageObject","inLanguage":"de","@id":"https:\/\/www.atrima.cz\/de\/mehr-ueber-uns\/geschichte\/#primaryimage","url":"https:\/\/www.atrima.cz\/wp-content\/uploads\/2017\/11\/atrima-old-300x225.jpg","contentUrl":"https:\/\/www.atrima.cz\/wp-content\/uploads\/2017\/11\/atrima-old-300x225.jpg"},{"@type":"BreadcrumbList","@id":"https:\/\/www.atrima.cz\/de\/mehr-ueber-uns\/geschichte\/#breadcrumb","itemListElement":[{"@type":"ListItem","position":1,"name":"Dom\u016f","item":"https:\/\/www.atrima.cz\/de\/"},{"@type":"ListItem","position":2,"name":"Mehr \u00fcber uns","item":"https:\/\/www.atrima.cz\/de\/mehr-ueber-uns\/"},{"@type":"ListItem","position":3,"name":"Geschichte"}]},{"@type":"WebSite","@id":"https:\/\/www.atrima.cz\/#website","url":"https:\/\/www.atrima.cz\/","name":"Atrima spol. s r.o.","description":"Spole\u010dnost Atrima se \u00fasp\u011b\u0161n\u011b zam\u011b\u0159uje na v\u00fdvoj, v\u00fdrobu a  realizaci individu\u00e1ln\u00edch manipula\u010dn\u00edch a  dopravn\u00edch za\u0159\u00edzen\u00ed, kter\u00e1 zefektivn\u00ed v\u00fdrobu. Ned\u00edlnou sou\u010d\u00e1st\u00ed dodan\u00e9ho za\u0159\u00edzen\u00ed je i  servis.","potentialAction":[{"@type":"SearchAction","target":{"@type":"EntryPoint","urlTemplate":"https:\/\/www.atrima.cz\/?s={search_term_string}"},"query-input":{"@type":"PropertyValueSpecification","valueRequired":true,"valueName":"search_term_string"}}],"inLanguage":"de"}]}},"_links":{"self":[{"href":"https:\/\/www.atrima.cz\/de\/wp-json\/wp\/v2\/pages\/1279","targetHints":{"allow":["GET"]}}],"collection":[{"href":"https:\/\/www.atrima.cz\/de\/wp-json\/wp\/v2\/pages"}],"about":[{"href":"https:\/\/www.atrima.cz\/de\/wp-json\/wp\/v2\/types\/page"}],"author":[{"embeddable":true,"href":"https:\/\/www.atrima.cz\/de\/wp-json\/wp\/v2\/users\/2"}],"replies":[{"embeddable":true,"href":"https:\/\/www.atrima.cz\/de\/wp-json\/wp\/v2\/comments?post=1279"}],"version-history":[{"count":0,"href":"https:\/\/www.atrima.cz\/de\/wp-json\/wp\/v2\/pages\/1279\/revisions"}],"up":[{"embeddable":true,"href":"https:\/\/www.atrima.cz\/de\/wp-json\/wp\/v2\/pages\/112"}],"wp:attachment":[{"href":"https:\/\/www.atrima.cz\/de\/wp-json\/wp\/v2\/media?parent=1279"}],"curies":[{"name":"wp","href":"https:\/\/api.w.org\/{rel}","templated":true}]}}