{"id":112,"date":"2017-10-20T13:08:32","date_gmt":"2017-10-20T11:08:32","guid":{"rendered":"http:\/\/atrima.cz.uvirt64.active24.cz\/?page_id=112"},"modified":"2022-04-14T11:37:29","modified_gmt":"2022-04-14T09:37:29","slug":"mehr-ueber-uns","status":"publish","type":"page","link":"https:\/\/www.atrima.cz\/de\/mehr-ueber-uns\/","title":{"rendered":"Mehr \u00fcber uns"},"content":{"rendered":"<header>\n<h2>Sortiment und Fokus<\/h2>\n<\/header>\n<p>Wir bieten <strong>die Entwicklung, Konstruktion, Produktion und Ausf\u00fchrung von Manipulations- und F\u00f6rderanlagen<\/strong> nach Kundenwunsch mit hochwertiger Verarbeitung und hoher Leistung \u00a0f\u00fcr den <strong>allgemeinen Maschinenbau<\/strong> sowie f\u00fcr die <strong>Lebensmittel, Automobil, Verbraucher, Drogerie, Flaschen und Holzindustrie.<\/strong><\/p>\n<p>Die Hauptprodukte sind <strong>Roboter und Manipulatoren, Palettierer, Entpalettierer, Einleger, Ausleger, Dreher, Vertikalf\u00f6rderer, Elevatore, F\u00f6rdertechnik \u2013 F\u00f6rderer, Drehtische, Eckumsetzer, und Sondermaschinen \u2013 Kappenaufzieher, Kappenabzieher und Kontrollwaagen.<\/strong><br \/>\nWir haben auch eigene Laserschneidanlage.<\/p>\n<p>Wir sind in drei Grundbereiche aufgeteilt \u2013 Produktion, Servis und Laser. Diese Aufteilung sichert hochwertigen, flexiblen, efektiven und seblstst\u00e4ndigen Betrieb der Firma.<br \/>\nDiesem helfen auch die Abteilungen Buchhaltung, Konstruktion und Vertrieb.<\/p>\n<p>Derzeit reagieren wir auf neue Trends im Bereich Palettierung und bieten eine breite Palette von Roboter-Applikationen. Wir setzen nur Roboter der namhaften Hersteller wie ABB und KUKA ein.<\/p>\n<header>\n<h2>GDPR<\/h2>\n<\/header>\n<p>Wenn Sie mit uns ein Vertragsverh\u00e4ltnis eingehen, werden Ihre\u00a0<strong>personenbezogenen Daten<\/strong>\u00a0gem\u00e4\u00df DSGVO \u2013 Verordnung 2016\/679 des Europ\u00e4ischen Parlaments und des Rates der EU verarbeitet. Hierbei handelt es sich um gesetzlich verarbeitete personenbezogene Daten, die f\u00fcr den Abschluss eines Vertragsverh\u00e4ltnisses erforderlich sind. Personenbezogene Daten werden f\u00fcr die Dauer des Vertragsverh\u00e4ltnisses und in \u00dcbereinstimmung mit dem Rechnungslegungs- und Datenarchivierungsgesetz gespeichert.<\/p>\n<p><strong>Umfang der personenbezogenen Daten und Verarbeitungszwecke<\/strong><\/p>\n<p>Wir verarbeiten personenbezogene Daten, die Sie uns selbst anvertrauen, aus folgenden Gr\u00fcnden (zur Erf\u00fcllung dieser Zwecke):<\/p>\n<ul>\n<li>-Erbringung von Dienstleistungen, Vertragsabwicklung Ihre personenbezogenen Daten im Bereich: Vorname, Nachname, Adresse, Telefon, E-Mail ben\u00f6tigen wir zwingend zur Vertragserf\u00fcllung (Warenlieferung, Zusendung von Informationen zur Bestellung).<\/li>\n<li>Buchhaltung \u2013 Wenn Sie Kunde sind, ben\u00f6tigen wir Ihre personenbezogenen Daten (Rechnungsdaten) dringend, um den gesetzlichen Verpflichtungen zur Ausstellung und Registrierung von Steuerdokumenten nachzukommen.<\/li>\n<li>Marketing \u2013 Versenden von Informations-E-Mails und Einladungen zu Messen<\/li>\n<\/ul>\n<p>Wenn Sie uns w\u00e4hrend der Verarbeitung kontaktieren m\u00f6chten, k\u00f6nnen Sie uns per E-Mail kontaktieren: atrima@atrima.cz<\/p>\n<p><img loading=\"lazy\" decoding=\"async\" class=\"alignnone size-medium wp-image-3022\" src=\"https:\/\/www.atrima.cz\/wp-content\/themes\/atrima\/kt\/core\/images\/transparent.png\" data-src=\"https:\/\/www.atrima.cz\/wp-content\/uploads\/2019\/07\/640-300x113.png\" sizes=\"auto, (max-width: 300px) 100vw, 300px\" srcset=\"https:\/\/www.atrima.cz\/wp-content\/uploads\/2019\/07\/640-300x113.png 300w, https:\/\/www.atrima.cz\/wp-content\/uploads\/2019\/07\/640.png 620w\" alt=\"\" width=\"300\" height=\"113\" data-src=\"https:\/\/www.atrima.cz\/wp-content\/themes\/atrima\/kt\/core\/images\/transparent.png\" data-src=\"https:\/\/www.atrima.cz\/wp-content\/uploads\/2019\/07\/640-300x113.png\" \/><\/p>\n","protected":false},"excerpt":{"rendered":"<p>Atrima baut auf VERANTWORTLICHKEITEN f\u00fcr Kunden, Mitarbeiter, Partner und die Umwelt auf. Es wurde 2005 durch die Zusammenf\u00fchrung von 3 nat\u00fcrlichen Personen mit langj\u00e4hriger Erfahrung auf dem Gebiet der Handhabungstechnologie gegr\u00fcndet. Es besch\u00e4ftigt rund 45 hochqualifizierte Mitarbeiter. Dank ihres Fachwissens k\u00f6nnen wir auch anspruchsvolle Implementierungen l\u00f6sen.<\/p>\n","protected":false},"author":4,"featured_media":874,"parent":0,"menu_order":0,"comment_status":"closed","ping_status":"closed","template":"pages\/page-about.php","meta":{"_monsterinsights_skip_tracking":false,"_monsterinsights_sitenote_active":false,"_monsterinsights_sitenote_note":"","_monsterinsights_sitenote_category":0,"footnotes":""},"class_list":["post-112","page","type-page","status-publish","has-post-thumbnail","hentry"],"yoast_head":"<!-- This site is optimized with the Yoast SEO plugin v27.3 - https:\/\/yoast.com\/product\/yoast-seo-wordpress\/ -->\n<title>Mehr \u00fcber uns - Atrima spol. s r.o.<\/title>\n<meta name=\"robots\" content=\"index, follow, max-snippet:-1, max-image-preview:large, max-video-preview:-1\" \/>\n<link rel=\"canonical\" href=\"https:\/\/www.atrima.cz\/de\/mehr-ueber-uns\/\" \/>\n<meta property=\"og:locale\" content=\"de_DE\" \/>\n<meta property=\"og:type\" content=\"article\" \/>\n<meta property=\"og:title\" content=\"Mehr \u00fcber uns - Atrima spol. s r.o.\" \/>\n<meta property=\"og:description\" content=\"Atrima baut auf VERANTWORTLICHKEITEN f\u00fcr Kunden, Mitarbeiter, Partner und die Umwelt auf. Es wurde 2005 durch die Zusammenf\u00fchrung von 3 nat\u00fcrlichen Personen mit langj\u00e4hriger Erfahrung auf dem Gebiet der Handhabungstechnologie gegr\u00fcndet. Es besch\u00e4ftigt rund 45 hochqualifizierte Mitarbeiter. Dank ihres Fachwissens k\u00f6nnen wir auch anspruchsvolle Implementierungen l\u00f6sen.\" \/>\n<meta property=\"og:url\" content=\"https:\/\/www.atrima.cz\/de\/mehr-ueber-uns\/\" \/>\n<meta property=\"og:site_name\" content=\"Atrima spol. s r.o.\" \/>\n<meta property=\"article:publisher\" content=\"https:\/\/www.facebook.com\/Atrima2022\/\" \/>\n<meta property=\"article:modified_time\" content=\"2022-04-14T09:37:29+00:00\" \/>\n<meta property=\"og:image\" content=\"https:\/\/www.atrima.cz\/wp-content\/uploads\/2017\/10\/ospolecnosti-1.jpg\" \/>\n\t<meta property=\"og:image:width\" content=\"1920\" \/>\n\t<meta property=\"og:image:height\" content=\"1080\" \/>\n\t<meta property=\"og:image:type\" content=\"image\/jpeg\" \/>\n<meta name=\"twitter:card\" content=\"summary_large_image\" \/>\n<meta name=\"twitter:label1\" content=\"Gesch\u00e4tzte Lesezeit\" \/>\n\t<meta name=\"twitter:data1\" content=\"1\u00a0Minute\" \/>\n<script type=\"application\/ld+json\" class=\"yoast-schema-graph\">{\"@context\":\"https:\\\/\\\/schema.org\",\"@graph\":[{\"@type\":\"WebPage\",\"@id\":\"https:\\\/\\\/www.atrima.cz\\\/de\\\/mehr-ueber-uns\\\/\",\"url\":\"https:\\\/\\\/www.atrima.cz\\\/de\\\/mehr-ueber-uns\\\/\",\"name\":\"Mehr \u00fcber uns - Atrima spol. s r.o.\",\"isPartOf\":{\"@id\":\"https:\\\/\\\/www.atrima.cz\\\/#website\"},\"primaryImageOfPage\":{\"@id\":\"https:\\\/\\\/www.atrima.cz\\\/de\\\/mehr-ueber-uns\\\/#primaryimage\"},\"image\":{\"@id\":\"https:\\\/\\\/www.atrima.cz\\\/de\\\/mehr-ueber-uns\\\/#primaryimage\"},\"thumbnailUrl\":\"https:\\\/\\\/www.atrima.cz\\\/wp-content\\\/uploads\\\/2017\\\/10\\\/ospolecnosti-1.jpg\",\"datePublished\":\"2017-10-20T11:08:32+00:00\",\"dateModified\":\"2022-04-14T09:37:29+00:00\",\"breadcrumb\":{\"@id\":\"https:\\\/\\\/www.atrima.cz\\\/de\\\/mehr-ueber-uns\\\/#breadcrumb\"},\"inLanguage\":\"de\",\"potentialAction\":[{\"@type\":\"ReadAction\",\"target\":[\"https:\\\/\\\/www.atrima.cz\\\/de\\\/mehr-ueber-uns\\\/\"]}]},{\"@type\":\"ImageObject\",\"inLanguage\":\"de\",\"@id\":\"https:\\\/\\\/www.atrima.cz\\\/de\\\/mehr-ueber-uns\\\/#primaryimage\",\"url\":\"https:\\\/\\\/www.atrima.cz\\\/wp-content\\\/uploads\\\/2017\\\/10\\\/ospolecnosti-1.jpg\",\"contentUrl\":\"https:\\\/\\\/www.atrima.cz\\\/wp-content\\\/uploads\\\/2017\\\/10\\\/ospolecnosti-1.jpg\",\"width\":1920,\"height\":1080},{\"@type\":\"BreadcrumbList\",\"@id\":\"https:\\\/\\\/www.atrima.cz\\\/de\\\/mehr-ueber-uns\\\/#breadcrumb\",\"itemListElement\":[{\"@type\":\"ListItem\",\"position\":1,\"name\":\"Dom\u016f\",\"item\":\"https:\\\/\\\/www.atrima.cz\\\/de\\\/\"},{\"@type\":\"ListItem\",\"position\":2,\"name\":\"Mehr \u00fcber uns\"}]},{\"@type\":\"WebSite\",\"@id\":\"https:\\\/\\\/www.atrima.cz\\\/#website\",\"url\":\"https:\\\/\\\/www.atrima.cz\\\/\",\"name\":\"Atrima spol. s r.o.\",\"description\":\"Spole\u010dnost Atrima se \u00fasp\u011b\u0161n\u011b zam\u011b\u0159uje na v\u00fdvoj, v\u00fdrobu a  realizaci individu\u00e1ln\u00edch manipula\u010dn\u00edch a  dopravn\u00edch za\u0159\u00edzen\u00ed, kter\u00e1 zefektivn\u00ed v\u00fdrobu. Ned\u00edlnou sou\u010d\u00e1st\u00ed dodan\u00e9ho za\u0159\u00edzen\u00ed je i  servis.\",\"potentialAction\":[{\"@type\":\"SearchAction\",\"target\":{\"@type\":\"EntryPoint\",\"urlTemplate\":\"https:\\\/\\\/www.atrima.cz\\\/?s={search_term_string}\"},\"query-input\":{\"@type\":\"PropertyValueSpecification\",\"valueRequired\":true,\"valueName\":\"search_term_string\"}}],\"inLanguage\":\"de\"}]}<\/script>\n<!-- \/ Yoast SEO plugin. -->","yoast_head_json":{"title":"Mehr \u00fcber uns - Atrima spol. s r.o.","robots":{"index":"index","follow":"follow","max-snippet":"max-snippet:-1","max-image-preview":"max-image-preview:large","max-video-preview":"max-video-preview:-1"},"canonical":"https:\/\/www.atrima.cz\/de\/mehr-ueber-uns\/","og_locale":"de_DE","og_type":"article","og_title":"Mehr \u00fcber uns - Atrima spol. s r.o.","og_description":"Atrima baut auf VERANTWORTLICHKEITEN f\u00fcr Kunden, Mitarbeiter, Partner und die Umwelt auf. Es wurde 2005 durch die Zusammenf\u00fchrung von 3 nat\u00fcrlichen Personen mit langj\u00e4hriger Erfahrung auf dem Gebiet der Handhabungstechnologie gegr\u00fcndet. Es besch\u00e4ftigt rund 45 hochqualifizierte Mitarbeiter. Dank ihres Fachwissens k\u00f6nnen wir auch anspruchsvolle Implementierungen l\u00f6sen.","og_url":"https:\/\/www.atrima.cz\/de\/mehr-ueber-uns\/","og_site_name":"Atrima spol. s r.o.","article_publisher":"https:\/\/www.facebook.com\/Atrima2022\/","article_modified_time":"2022-04-14T09:37:29+00:00","og_image":[{"width":1920,"height":1080,"url":"https:\/\/www.atrima.cz\/wp-content\/uploads\/2017\/10\/ospolecnosti-1.jpg","type":"image\/jpeg"}],"twitter_card":"summary_large_image","twitter_misc":{"Gesch\u00e4tzte Lesezeit":"1\u00a0Minute"},"schema":{"@context":"https:\/\/schema.org","@graph":[{"@type":"WebPage","@id":"https:\/\/www.atrima.cz\/de\/mehr-ueber-uns\/","url":"https:\/\/www.atrima.cz\/de\/mehr-ueber-uns\/","name":"Mehr \u00fcber uns - Atrima spol. s r.o.","isPartOf":{"@id":"https:\/\/www.atrima.cz\/#website"},"primaryImageOfPage":{"@id":"https:\/\/www.atrima.cz\/de\/mehr-ueber-uns\/#primaryimage"},"image":{"@id":"https:\/\/www.atrima.cz\/de\/mehr-ueber-uns\/#primaryimage"},"thumbnailUrl":"https:\/\/www.atrima.cz\/wp-content\/uploads\/2017\/10\/ospolecnosti-1.jpg","datePublished":"2017-10-20T11:08:32+00:00","dateModified":"2022-04-14T09:37:29+00:00","breadcrumb":{"@id":"https:\/\/www.atrima.cz\/de\/mehr-ueber-uns\/#breadcrumb"},"inLanguage":"de","potentialAction":[{"@type":"ReadAction","target":["https:\/\/www.atrima.cz\/de\/mehr-ueber-uns\/"]}]},{"@type":"ImageObject","inLanguage":"de","@id":"https:\/\/www.atrima.cz\/de\/mehr-ueber-uns\/#primaryimage","url":"https:\/\/www.atrima.cz\/wp-content\/uploads\/2017\/10\/ospolecnosti-1.jpg","contentUrl":"https:\/\/www.atrima.cz\/wp-content\/uploads\/2017\/10\/ospolecnosti-1.jpg","width":1920,"height":1080},{"@type":"BreadcrumbList","@id":"https:\/\/www.atrima.cz\/de\/mehr-ueber-uns\/#breadcrumb","itemListElement":[{"@type":"ListItem","position":1,"name":"Dom\u016f","item":"https:\/\/www.atrima.cz\/de\/"},{"@type":"ListItem","position":2,"name":"Mehr \u00fcber uns"}]},{"@type":"WebSite","@id":"https:\/\/www.atrima.cz\/#website","url":"https:\/\/www.atrima.cz\/","name":"Atrima spol. s r.o.","description":"Spole\u010dnost Atrima se \u00fasp\u011b\u0161n\u011b zam\u011b\u0159uje na v\u00fdvoj, v\u00fdrobu a  realizaci individu\u00e1ln\u00edch manipula\u010dn\u00edch a  dopravn\u00edch za\u0159\u00edzen\u00ed, kter\u00e1 zefektivn\u00ed v\u00fdrobu. Ned\u00edlnou sou\u010d\u00e1st\u00ed dodan\u00e9ho za\u0159\u00edzen\u00ed je i  servis.","potentialAction":[{"@type":"SearchAction","target":{"@type":"EntryPoint","urlTemplate":"https:\/\/www.atrima.cz\/?s={search_term_string}"},"query-input":{"@type":"PropertyValueSpecification","valueRequired":true,"valueName":"search_term_string"}}],"inLanguage":"de"}]}},"_links":{"self":[{"href":"https:\/\/www.atrima.cz\/de\/wp-json\/wp\/v2\/pages\/112","targetHints":{"allow":["GET"]}}],"collection":[{"href":"https:\/\/www.atrima.cz\/de\/wp-json\/wp\/v2\/pages"}],"about":[{"href":"https:\/\/www.atrima.cz\/de\/wp-json\/wp\/v2\/types\/page"}],"author":[{"embeddable":true,"href":"https:\/\/www.atrima.cz\/de\/wp-json\/wp\/v2\/users\/4"}],"replies":[{"embeddable":true,"href":"https:\/\/www.atrima.cz\/de\/wp-json\/wp\/v2\/comments?post=112"}],"version-history":[{"count":0,"href":"https:\/\/www.atrima.cz\/de\/wp-json\/wp\/v2\/pages\/112\/revisions"}],"wp:featuredmedia":[{"embeddable":true,"href":"https:\/\/www.atrima.cz\/de\/wp-json\/wp\/v2\/media\/874"}],"wp:attachment":[{"href":"https:\/\/www.atrima.cz\/de\/wp-json\/wp\/v2\/media?parent=112"}],"curies":[{"name":"wp","href":"https:\/\/api.w.org\/{rel}","templated":true}]}}