{"id":110,"date":"2017-10-20T13:07:56","date_gmt":"2017-10-20T11:07:56","guid":{"rendered":"http:\/\/atrima.cz.uvirt64.active24.cz\/?page_id=110"},"modified":"2022-10-24T08:55:27","modified_gmt":"2022-10-24T06:55:27","slug":"kontakt","status":"publish","type":"page","link":"https:\/\/www.atrima.cz\/de\/kontakt\/","title":{"rendered":"Kontakte"},"content":{"rendered":"","protected":false},"excerpt":{"rendered":"","protected":false},"author":4,"featured_media":3613,"parent":0,"menu_order":0,"comment_status":"closed","ping_status":"closed","template":"pages\/page-contact.php","meta":{"_monsterinsights_skip_tracking":false,"_monsterinsights_sitenote_active":false,"_monsterinsights_sitenote_note":"","_monsterinsights_sitenote_category":0,"footnotes":""},"class_list":["post-110","page","type-page","status-publish","has-post-thumbnail","hentry"],"yoast_head":"<!-- This site is optimized with the Yoast SEO plugin v27.3 - https:\/\/yoast.com\/product\/yoast-seo-wordpress\/ -->\n<title>Kontakte - Atrima spol. s r.o.<\/title>\n<meta name=\"robots\" content=\"index, follow, max-snippet:-1, max-image-preview:large, max-video-preview:-1\" \/>\n<link rel=\"canonical\" href=\"https:\/\/www.atrima.cz\/de\/kontakt\/\" \/>\n<meta property=\"og:locale\" content=\"de_DE\" \/>\n<meta property=\"og:type\" content=\"article\" \/>\n<meta property=\"og:title\" content=\"Kontakte - Atrima spol. s r.o.\" \/>\n<meta property=\"og:url\" content=\"https:\/\/www.atrima.cz\/de\/kontakt\/\" \/>\n<meta property=\"og:site_name\" content=\"Atrima spol. s r.o.\" \/>\n<meta property=\"article:publisher\" content=\"https:\/\/www.facebook.com\/Atrima2022\/\" \/>\n<meta property=\"article:modified_time\" content=\"2022-10-24T06:55:27+00:00\" \/>\n<meta property=\"og:image\" content=\"https:\/\/www.atrima.cz\/wp-content\/uploads\/2020\/05\/ATRIMA-SCREEN.jpg\" \/>\n\t<meta property=\"og:image:width\" content=\"867\" \/>\n\t<meta property=\"og:image:height\" content=\"478\" \/>\n\t<meta property=\"og:image:type\" content=\"image\/jpeg\" \/>\n<meta name=\"twitter:card\" content=\"summary_large_image\" \/>\n<script type=\"application\/ld+json\" class=\"yoast-schema-graph\">{\"@context\":\"https:\\\/\\\/schema.org\",\"@graph\":[{\"@type\":\"WebPage\",\"@id\":\"https:\\\/\\\/www.atrima.cz\\\/de\\\/kontakt\\\/\",\"url\":\"https:\\\/\\\/www.atrima.cz\\\/de\\\/kontakt\\\/\",\"name\":\"Kontakte - Atrima spol. s r.o.\",\"isPartOf\":{\"@id\":\"https:\\\/\\\/www.atrima.cz\\\/#website\"},\"primaryImageOfPage\":{\"@id\":\"https:\\\/\\\/www.atrima.cz\\\/de\\\/kontakt\\\/#primaryimage\"},\"image\":{\"@id\":\"https:\\\/\\\/www.atrima.cz\\\/de\\\/kontakt\\\/#primaryimage\"},\"thumbnailUrl\":\"https:\\\/\\\/www.atrima.cz\\\/wp-content\\\/uploads\\\/2020\\\/05\\\/ATRIMA-SCREEN.jpg\",\"datePublished\":\"2017-10-20T11:07:56+00:00\",\"dateModified\":\"2022-10-24T06:55:27+00:00\",\"breadcrumb\":{\"@id\":\"https:\\\/\\\/www.atrima.cz\\\/de\\\/kontakt\\\/#breadcrumb\"},\"inLanguage\":\"de\",\"potentialAction\":[{\"@type\":\"ReadAction\",\"target\":[\"https:\\\/\\\/www.atrima.cz\\\/de\\\/kontakt\\\/\"]}]},{\"@type\":\"ImageObject\",\"inLanguage\":\"de\",\"@id\":\"https:\\\/\\\/www.atrima.cz\\\/de\\\/kontakt\\\/#primaryimage\",\"url\":\"https:\\\/\\\/www.atrima.cz\\\/wp-content\\\/uploads\\\/2020\\\/05\\\/ATRIMA-SCREEN.jpg\",\"contentUrl\":\"https:\\\/\\\/www.atrima.cz\\\/wp-content\\\/uploads\\\/2020\\\/05\\\/ATRIMA-SCREEN.jpg\",\"width\":867,\"height\":478},{\"@type\":\"BreadcrumbList\",\"@id\":\"https:\\\/\\\/www.atrima.cz\\\/de\\\/kontakt\\\/#breadcrumb\",\"itemListElement\":[{\"@type\":\"ListItem\",\"position\":1,\"name\":\"Dom\u016f\",\"item\":\"https:\\\/\\\/www.atrima.cz\\\/de\\\/\"},{\"@type\":\"ListItem\",\"position\":2,\"name\":\"Kontakte\"}]},{\"@type\":\"WebSite\",\"@id\":\"https:\\\/\\\/www.atrima.cz\\\/#website\",\"url\":\"https:\\\/\\\/www.atrima.cz\\\/\",\"name\":\"Atrima spol. s r.o.\",\"description\":\"Spole\u010dnost Atrima se \u00fasp\u011b\u0161n\u011b zam\u011b\u0159uje na v\u00fdvoj, v\u00fdrobu a  realizaci individu\u00e1ln\u00edch manipula\u010dn\u00edch a  dopravn\u00edch za\u0159\u00edzen\u00ed, kter\u00e1 zefektivn\u00ed v\u00fdrobu. Ned\u00edlnou sou\u010d\u00e1st\u00ed dodan\u00e9ho za\u0159\u00edzen\u00ed je i  servis.\",\"potentialAction\":[{\"@type\":\"SearchAction\",\"target\":{\"@type\":\"EntryPoint\",\"urlTemplate\":\"https:\\\/\\\/www.atrima.cz\\\/?s={search_term_string}\"},\"query-input\":{\"@type\":\"PropertyValueSpecification\",\"valueRequired\":true,\"valueName\":\"search_term_string\"}}],\"inLanguage\":\"de\"}]}<\/script>\n<!-- \/ Yoast SEO plugin. -->","yoast_head_json":{"title":"Kontakte - Atrima spol. s r.o.","robots":{"index":"index","follow":"follow","max-snippet":"max-snippet:-1","max-image-preview":"max-image-preview:large","max-video-preview":"max-video-preview:-1"},"canonical":"https:\/\/www.atrima.cz\/de\/kontakt\/","og_locale":"de_DE","og_type":"article","og_title":"Kontakte - Atrima spol. s r.o.","og_url":"https:\/\/www.atrima.cz\/de\/kontakt\/","og_site_name":"Atrima spol. s r.o.","article_publisher":"https:\/\/www.facebook.com\/Atrima2022\/","article_modified_time":"2022-10-24T06:55:27+00:00","og_image":[{"width":867,"height":478,"url":"https:\/\/www.atrima.cz\/wp-content\/uploads\/2020\/05\/ATRIMA-SCREEN.jpg","type":"image\/jpeg"}],"twitter_card":"summary_large_image","schema":{"@context":"https:\/\/schema.org","@graph":[{"@type":"WebPage","@id":"https:\/\/www.atrima.cz\/de\/kontakt\/","url":"https:\/\/www.atrima.cz\/de\/kontakt\/","name":"Kontakte - Atrima spol. s r.o.","isPartOf":{"@id":"https:\/\/www.atrima.cz\/#website"},"primaryImageOfPage":{"@id":"https:\/\/www.atrima.cz\/de\/kontakt\/#primaryimage"},"image":{"@id":"https:\/\/www.atrima.cz\/de\/kontakt\/#primaryimage"},"thumbnailUrl":"https:\/\/www.atrima.cz\/wp-content\/uploads\/2020\/05\/ATRIMA-SCREEN.jpg","datePublished":"2017-10-20T11:07:56+00:00","dateModified":"2022-10-24T06:55:27+00:00","breadcrumb":{"@id":"https:\/\/www.atrima.cz\/de\/kontakt\/#breadcrumb"},"inLanguage":"de","potentialAction":[{"@type":"ReadAction","target":["https:\/\/www.atrima.cz\/de\/kontakt\/"]}]},{"@type":"ImageObject","inLanguage":"de","@id":"https:\/\/www.atrima.cz\/de\/kontakt\/#primaryimage","url":"https:\/\/www.atrima.cz\/wp-content\/uploads\/2020\/05\/ATRIMA-SCREEN.jpg","contentUrl":"https:\/\/www.atrima.cz\/wp-content\/uploads\/2020\/05\/ATRIMA-SCREEN.jpg","width":867,"height":478},{"@type":"BreadcrumbList","@id":"https:\/\/www.atrima.cz\/de\/kontakt\/#breadcrumb","itemListElement":[{"@type":"ListItem","position":1,"name":"Dom\u016f","item":"https:\/\/www.atrima.cz\/de\/"},{"@type":"ListItem","position":2,"name":"Kontakte"}]},{"@type":"WebSite","@id":"https:\/\/www.atrima.cz\/#website","url":"https:\/\/www.atrima.cz\/","name":"Atrima spol. s r.o.","description":"Spole\u010dnost Atrima se \u00fasp\u011b\u0161n\u011b zam\u011b\u0159uje na v\u00fdvoj, v\u00fdrobu a  realizaci individu\u00e1ln\u00edch manipula\u010dn\u00edch a  dopravn\u00edch za\u0159\u00edzen\u00ed, kter\u00e1 zefektivn\u00ed v\u00fdrobu. Ned\u00edlnou sou\u010d\u00e1st\u00ed dodan\u00e9ho za\u0159\u00edzen\u00ed je i  servis.","potentialAction":[{"@type":"SearchAction","target":{"@type":"EntryPoint","urlTemplate":"https:\/\/www.atrima.cz\/?s={search_term_string}"},"query-input":{"@type":"PropertyValueSpecification","valueRequired":true,"valueName":"search_term_string"}}],"inLanguage":"de"}]}},"_links":{"self":[{"href":"https:\/\/www.atrima.cz\/de\/wp-json\/wp\/v2\/pages\/110","targetHints":{"allow":["GET"]}}],"collection":[{"href":"https:\/\/www.atrima.cz\/de\/wp-json\/wp\/v2\/pages"}],"about":[{"href":"https:\/\/www.atrima.cz\/de\/wp-json\/wp\/v2\/types\/page"}],"author":[{"embeddable":true,"href":"https:\/\/www.atrima.cz\/de\/wp-json\/wp\/v2\/users\/4"}],"replies":[{"embeddable":true,"href":"https:\/\/www.atrima.cz\/de\/wp-json\/wp\/v2\/comments?post=110"}],"version-history":[{"count":0,"href":"https:\/\/www.atrima.cz\/de\/wp-json\/wp\/v2\/pages\/110\/revisions"}],"wp:featuredmedia":[{"embeddable":true,"href":"https:\/\/www.atrima.cz\/de\/wp-json\/wp\/v2\/media\/3613"}],"wp:attachment":[{"href":"https:\/\/www.atrima.cz\/de\/wp-json\/wp\/v2\/media?parent=110"}],"curies":[{"name":"wp","href":"https:\/\/api.w.org\/{rel}","templated":true}]}}