{"id":104,"date":"2017-10-20T13:05:32","date_gmt":"2017-10-20T11:05:32","guid":{"rendered":"http:\/\/atrima.cz.uvirt64.active24.cz\/?page_id=104"},"modified":"2018-06-05T14:57:48","modified_gmt":"2018-06-05T12:57:48","slug":"automatisierung-und-robotisierung-von-produktionsprozessen","status":"publish","type":"page","link":"https:\/\/www.atrima.cz\/de\/","title":{"rendered":"Automatisierung und Robotisierung von Produktionsprozessen"},"content":{"rendered":"<p>Firma ATRIMA spol. s r.o. konzentriert sich auf die Entwicklung, Projektierung, Produktion und Realisierung von Handling- und Transportanlagen, die nach Kundenanforderungen konzipiert sind und sich durch ihre hochwertige Verarbeitung und hohe Leistung auszeichnen.<\/p>\n","protected":false},"excerpt":{"rendered":"<p>Firma ATRIMA spol. s r.o. konzentriert sich auf die Entwicklung, Projektierung, Produktion und Realisierung von Handling- und Transportanlagen, die nach Kundenanforderungen konzipiert sind und sich durch ihre hochwertige Verarbeitung und hohe Leistung auszeichnen.<\/p>\n","protected":false},"author":4,"featured_media":0,"parent":0,"menu_order":0,"comment_status":"closed","ping_status":"open","template":"pages\/page-front.php","meta":{"_monsterinsights_skip_tracking":false,"_monsterinsights_sitenote_active":false,"_monsterinsights_sitenote_note":"","_monsterinsights_sitenote_category":0,"footnotes":""},"class_list":["post-104","page","type-page","status-publish","hentry"],"yoast_head":"<!-- This site is optimized with the Yoast SEO plugin v27.4 - https:\/\/yoast.com\/product\/yoast-seo-wordpress\/ -->\n<title>Automatisierung und Robotisierung von Produktionsprozessen - Atrima spol. s r.o.<\/title>\n<meta name=\"robots\" content=\"index, follow, max-snippet:-1, max-image-preview:large, max-video-preview:-1\" \/>\n<link rel=\"canonical\" href=\"https:\/\/www.atrima.cz\/de\/\" \/>\n<meta property=\"og:locale\" content=\"de_DE\" \/>\n<meta property=\"og:type\" content=\"article\" \/>\n<meta property=\"og:title\" content=\"Automatisierung und Robotisierung von Produktionsprozessen - Atrima spol. s r.o.\" \/>\n<meta property=\"og:description\" content=\"Firma ATRIMA spol. s r.o. konzentriert sich auf die Entwicklung, Projektierung, Produktion und Realisierung von Handling- und Transportanlagen, die nach Kundenanforderungen konzipiert sind und sich durch ihre hochwertige Verarbeitung und hohe Leistung auszeichnen.\" \/>\n<meta property=\"og:url\" content=\"https:\/\/www.atrima.cz\/de\/\" \/>\n<meta property=\"og:site_name\" content=\"Atrima spol. s r.o.\" \/>\n<meta property=\"article:publisher\" content=\"https:\/\/www.facebook.com\/Atrima2022\/\" \/>\n<meta property=\"article:modified_time\" content=\"2018-06-05T12:57:48+00:00\" \/>\n<meta name=\"twitter:card\" content=\"summary_large_image\" \/>\n<script type=\"application\/ld+json\" class=\"yoast-schema-graph\">{\"@context\":\"https:\\\/\\\/schema.org\",\"@graph\":[{\"@type\":\"WebPage\",\"@id\":\"https:\\\/\\\/www.atrima.cz\\\/de\\\/\",\"url\":\"https:\\\/\\\/www.atrima.cz\\\/de\\\/\",\"name\":\"Automatisierung und Robotisierung von Produktionsprozessen - Atrima spol. s r.o.\",\"isPartOf\":{\"@id\":\"https:\\\/\\\/www.atrima.cz\\\/#website\"},\"datePublished\":\"2017-10-20T11:05:32+00:00\",\"dateModified\":\"2018-06-05T12:57:48+00:00\",\"breadcrumb\":{\"@id\":\"https:\\\/\\\/www.atrima.cz\\\/de\\\/#breadcrumb\"},\"inLanguage\":\"de\",\"potentialAction\":[{\"@type\":\"ReadAction\",\"target\":[\"https:\\\/\\\/www.atrima.cz\\\/de\\\/\"]}]},{\"@type\":\"BreadcrumbList\",\"@id\":\"https:\\\/\\\/www.atrima.cz\\\/de\\\/#breadcrumb\",\"itemListElement\":[{\"@type\":\"ListItem\",\"position\":1,\"name\":\"Dom\u016f\",\"item\":\"https:\\\/\\\/www.atrima.cz\\\/de\\\/\"},{\"@type\":\"ListItem\",\"position\":2,\"name\":\"Automatisierung und Robotisierung von Produktionsprozessen\"}]},{\"@type\":\"WebSite\",\"@id\":\"https:\\\/\\\/www.atrima.cz\\\/#website\",\"url\":\"https:\\\/\\\/www.atrima.cz\\\/\",\"name\":\"Atrima spol. s r.o.\",\"description\":\"Spole\u010dnost Atrima se \u00fasp\u011b\u0161n\u011b zam\u011b\u0159uje na v\u00fdvoj, v\u00fdrobu a  realizaci individu\u00e1ln\u00edch manipula\u010dn\u00edch a  dopravn\u00edch za\u0159\u00edzen\u00ed, kter\u00e1 zefektivn\u00ed v\u00fdrobu. Ned\u00edlnou sou\u010d\u00e1st\u00ed dodan\u00e9ho za\u0159\u00edzen\u00ed je i  servis.\",\"potentialAction\":[{\"@type\":\"SearchAction\",\"target\":{\"@type\":\"EntryPoint\",\"urlTemplate\":\"https:\\\/\\\/www.atrima.cz\\\/?s={search_term_string}\"},\"query-input\":{\"@type\":\"PropertyValueSpecification\",\"valueRequired\":true,\"valueName\":\"search_term_string\"}}],\"inLanguage\":\"de\"}]}<\/script>\n<!-- \/ Yoast SEO plugin. -->","yoast_head_json":{"title":"Automatisierung und Robotisierung von Produktionsprozessen - Atrima spol. s r.o.","robots":{"index":"index","follow":"follow","max-snippet":"max-snippet:-1","max-image-preview":"max-image-preview:large","max-video-preview":"max-video-preview:-1"},"canonical":"https:\/\/www.atrima.cz\/de\/","og_locale":"de_DE","og_type":"article","og_title":"Automatisierung und Robotisierung von Produktionsprozessen - Atrima spol. s r.o.","og_description":"Firma ATRIMA spol. s r.o. konzentriert sich auf die Entwicklung, Projektierung, Produktion und Realisierung von Handling- und Transportanlagen, die nach Kundenanforderungen konzipiert sind und sich durch ihre hochwertige Verarbeitung und hohe Leistung auszeichnen.","og_url":"https:\/\/www.atrima.cz\/de\/","og_site_name":"Atrima spol. s r.o.","article_publisher":"https:\/\/www.facebook.com\/Atrima2022\/","article_modified_time":"2018-06-05T12:57:48+00:00","twitter_card":"summary_large_image","schema":{"@context":"https:\/\/schema.org","@graph":[{"@type":"WebPage","@id":"https:\/\/www.atrima.cz\/de\/","url":"https:\/\/www.atrima.cz\/de\/","name":"Automatisierung und Robotisierung von Produktionsprozessen - Atrima spol. s r.o.","isPartOf":{"@id":"https:\/\/www.atrima.cz\/#website"},"datePublished":"2017-10-20T11:05:32+00:00","dateModified":"2018-06-05T12:57:48+00:00","breadcrumb":{"@id":"https:\/\/www.atrima.cz\/de\/#breadcrumb"},"inLanguage":"de","potentialAction":[{"@type":"ReadAction","target":["https:\/\/www.atrima.cz\/de\/"]}]},{"@type":"BreadcrumbList","@id":"https:\/\/www.atrima.cz\/de\/#breadcrumb","itemListElement":[{"@type":"ListItem","position":1,"name":"Dom\u016f","item":"https:\/\/www.atrima.cz\/de\/"},{"@type":"ListItem","position":2,"name":"Automatisierung und Robotisierung von Produktionsprozessen"}]},{"@type":"WebSite","@id":"https:\/\/www.atrima.cz\/#website","url":"https:\/\/www.atrima.cz\/","name":"Atrima spol. s r.o.","description":"Spole\u010dnost Atrima se \u00fasp\u011b\u0161n\u011b zam\u011b\u0159uje na v\u00fdvoj, v\u00fdrobu a  realizaci individu\u00e1ln\u00edch manipula\u010dn\u00edch a  dopravn\u00edch za\u0159\u00edzen\u00ed, kter\u00e1 zefektivn\u00ed v\u00fdrobu. Ned\u00edlnou sou\u010d\u00e1st\u00ed dodan\u00e9ho za\u0159\u00edzen\u00ed je i  servis.","potentialAction":[{"@type":"SearchAction","target":{"@type":"EntryPoint","urlTemplate":"https:\/\/www.atrima.cz\/?s={search_term_string}"},"query-input":{"@type":"PropertyValueSpecification","valueRequired":true,"valueName":"search_term_string"}}],"inLanguage":"de"}]}},"_links":{"self":[{"href":"https:\/\/www.atrima.cz\/de\/wp-json\/wp\/v2\/pages\/104","targetHints":{"allow":["GET"]}}],"collection":[{"href":"https:\/\/www.atrima.cz\/de\/wp-json\/wp\/v2\/pages"}],"about":[{"href":"https:\/\/www.atrima.cz\/de\/wp-json\/wp\/v2\/types\/page"}],"author":[{"embeddable":true,"href":"https:\/\/www.atrima.cz\/de\/wp-json\/wp\/v2\/users\/4"}],"replies":[{"embeddable":true,"href":"https:\/\/www.atrima.cz\/de\/wp-json\/wp\/v2\/comments?post=104"}],"version-history":[{"count":0,"href":"https:\/\/www.atrima.cz\/de\/wp-json\/wp\/v2\/pages\/104\/revisions"}],"wp:attachment":[{"href":"https:\/\/www.atrima.cz\/de\/wp-json\/wp\/v2\/media?parent=104"}],"curies":[{"name":"wp","href":"https:\/\/api.w.org\/{rel}","templated":true}]}}